{"id":1575,"date":"2025-01-07T16:12:03","date_gmt":"2025-01-07T16:12:03","guid":{"rendered":"https:\/\/divine-senses.com\/collection\/be-kategorijos\/smilkalu-lazdeles-mimosa\/"},"modified":"2026-02-02T23:04:08","modified_gmt":"2026-02-02T23:04:08","slug":"smilkalai-mimosa","status":"publish","type":"product","link":"https:\/\/divine-senses.com\/lt\/kolekcija\/nisiniai-smilkalai\/smilkalai-mimosa\/","title":{"rendered":"Smilkalai MIMOSA"},"content":{"rendered":"<h2>Koks yra Mimosa aromatas?<\/h2>\n<p>\u012esivaizduokite ram\u0173 sod\u0105, paskendus\u012f auksin\u0117je besileid\u017eian\u010dios saul\u0117s \u0161viesoje. <strong>Mimosa smilkalai<\/strong> perteikia \u0161i\u0105 ramyb\u0119, sujungdami ambros, sandalmed\u017eio ir muskuso natas su jazmin\u0173 ir ro\u017ei\u0173 saldumu. Kai smilkalai dega, atsiskleid\u017eia \u0161ilto \u0161afrano ir kremin\u0117s vanil\u0117s aromatas, sukuriantis balans\u0105 tarp \u012f\u017eeminan\u010dio ir pakyl\u0117jan\u010dio kvapo.<\/p>\n<h2>Rank\u0173 darbo tobulumas<\/h2>\n<p>M\u016bs\u0173 <strong>Mimosa smilkalai<\/strong> yra meistri\u0161kai gaminami Indijoje, pasitelkiant senovines vedines technikas, kad b\u016bt\u0173 u\u017etikrinta auk\u0161\u010diausia kokyb\u0117. Kiekvienas smilkalas yra rankomis sukamas ir nat\u016braliai d\u017eiovinamas, kad b\u016bt\u0173 i\u0161saugotos visos sudedamosios dalys.<\/p>\n<h2>Pagrindiniai ingredientai<\/h2>\n<ul>\n<li>Nat\u016bralus bambuko pagaliukas<\/li>\n<li>Ambros ir sandalmed\u017eio milteliai<\/li>\n<li>Muskusas ir \u0161afranas<\/li>\n<li>Jazmin\u0173, ro\u017ei\u0173 ir vanil\u0117s aliejai<\/li>\n<li>Botaniniai ir eteriniai aliejai<\/li>\n<\/ul>\n<p>Skirtingai nei \u012fprasti smilkalai su sintetiniais priedais, m\u016bs\u0173 gaminiai yra be kenksming\u0173 chemini\u0173 med\u017eiag\u0173 ar sunki\u0173j\u0173 anglies jungini\u0173. Tai u\u017etikrina \u0161var\u0173 degim\u0105, kuris trunka apie 45 minutes, nepaliekant stipraus dirbtinio kvapo.<\/p>\n<p><strong>Smilkal\u0173 kiekis:<\/strong> 15 gram\u0173 yra ma\u017edaug 12 smilkal\u0173<\/p>\n","protected":false},"excerpt":{"rendered":"<p>Leiskite egzoti\u0161kam <strong>Mimosa smilkal\u0173<\/strong> aromatui pakyl\u0117ti j\u016bs\u0173 poj\u016b\u010dius ir sukurti ramyb\u0117s bei harmonijos atmosfer\u0105. \u0160ie smilkalai sukurti i\u0161 prabangaus sandalmed\u017eio, muskuso, \u0161afrano ir ambros mi\u0161inio, papildyto jazmin\u0173, ro\u017ei\u0173 ir vanil\u0117s natomis. Tai puikus pasirinkimas atsipalaidavimui, meditacijai ar tiesiog jaukiai atmosferai namuose sukurti.<\/p>\n","protected":false},"featured_media":1471,"comment_status":"open","ping_status":"closed","template":"","meta":{"_acf_changed":false},"product_brand":[],"product_cat":[40],"product_tag":[],"class_list":{"0":"post-1575","1":"product","2":"type-product","3":"status-publish","4":"has-post-thumbnail","6":"product_cat-nisiniai-smilkalai","8":"first","9":"instock","10":"shipping-taxable","11":"purchasable","12":"product-type-simple"},"acf":[],"aioseo_notices":[],"_links":{"self":[{"href":"https:\/\/divine-senses.com\/lt\/wp-json\/wp\/v2\/product\/1575","targetHints":{"allow":["GET"]}}],"collection":[{"href":"https:\/\/divine-senses.com\/lt\/wp-json\/wp\/v2\/product"}],"about":[{"href":"https:\/\/divine-senses.com\/lt\/wp-json\/wp\/v2\/types\/product"}],"replies":[{"embeddable":true,"href":"https:\/\/divine-senses.com\/lt\/wp-json\/wp\/v2\/comments?post=1575"}],"wp:featuredmedia":[{"embeddable":true,"href":"https:\/\/divine-senses.com\/lt\/wp-json\/wp\/v2\/media\/1471"}],"wp:attachment":[{"href":"https:\/\/divine-senses.com\/lt\/wp-json\/wp\/v2\/media?parent=1575"}],"wp:term":[{"taxonomy":"product_brand","embeddable":true,"href":"https:\/\/divine-senses.com\/lt\/wp-json\/wp\/v2\/product_brand?post=1575"},{"taxonomy":"product_cat","embeddable":true,"href":"https:\/\/divine-senses.com\/lt\/wp-json\/wp\/v2\/product_cat?post=1575"},{"taxonomy":"product_tag","embeddable":true,"href":"https:\/\/divine-senses.com\/lt\/wp-json\/wp\/v2\/product_tag?post=1575"}],"curies":[{"name":"wp","href":"https:\/\/api.w.org\/{rel}","templated":true}]}}