{"id":1576,"date":"2025-01-07T16:37:03","date_gmt":"2025-01-07T16:37:03","guid":{"rendered":"https:\/\/divine-senses.com\/collection\/be-kategorijos\/smudge-stick-yerba-santa\/"},"modified":"2026-04-28T15:03:15","modified_gmt":"2026-04-28T15:03:15","slug":"smilkymo-lazdele-yerba-santa","status":"publish","type":"product","link":"https:\/\/divine-senses.com\/lt\/kolekcija\/smilkymo-lazdeles\/smilkymo-lazdele-yerba-santa\/","title":{"rendered":"Smilkymo lazdel\u0117 YERBA SANTA"},"content":{"rendered":"<h2>Kod\u0117l verta rinktis Yerba Santa smilkymo lazdeles?<\/h2>\n<p>Skirtingai nuo sintetini\u0173 pur\u0161kal\u0173 ar dirbtini\u0173 smilkal\u0173, <strong>Yerba Santa<\/strong> suteikia nat\u016bral\u0173 ir autenti\u0161k\u0105 apsivalymo potyr\u012f. Jos <strong>saldus, \u017eemi\u0161kas kvapas<\/strong> yra \u0161velnus, ta\u010diau galingas \u2013 jis padeda kurti gilesn\u012f emocin\u012f ry\u0161\u012f nei chemin\u0117s alternatyvos.<\/p>\n<h2>Koks yra Yerba Santa aromatas?<\/h2>\n<p><strong>Yerba Santa smilkymo lazdel\u0117<\/strong> skleid\u017eia <strong>nat\u016braliai sald\u0173 ir \u017eemi\u0161k\u0105 kvap\u0105<\/strong>, kuris pripildo erdv\u0119 ramybe ir harmonija. Degant lazdelei, \u0161is kvapas skatina <strong>emocij\u0173 paleidim\u0105 ir sav\u0119s pri\u0117mim\u0105<\/strong>, tod\u0117l puikiai tinka <strong>meditacijai, ketinim\u0173 nustatymui ir atsipalaidavimui<\/strong>. \u012esivaizduokite <em>pasivaik\u0161\u010diojim\u0105 ramioje girioje, kur or\u0105 u\u017epildo \u017eydin\u010di\u0173 \u017eoleli\u0173 saldumas<\/em> \u2013 b\u016btent tok\u012f raminant\u012f poveik\u012f suteikia <strong>Yerba Santa<\/strong>.<\/p>\n","protected":false},"excerpt":{"rendered":"<p>Pakyl\u0117kite savo dvasines praktikas su <strong>Yerba Santa smilkymo lazdele<\/strong>. \u0160i nuo senov\u0117s \u0161venta \u017eol\u0117 simbolizuoja <strong>meil\u0119, stipryb\u0119 ir apsaug\u0105<\/strong>. Jos \u0161velnus, \u017eemi\u0161kas aromatas idealiai tinka <strong>energetiniam apsivalymui, meditacijai ir emociniam gydymui<\/strong>, padedant paleisti sukaupt\u0105 skausm\u0105 ir nustatyti ai\u0161kias asmenines ribas.<\/p>\n","protected":false},"featured_media":1484,"comment_status":"open","ping_status":"closed","template":"","meta":{"_acf_changed":false},"product_brand":[],"product_cat":[42],"product_tag":[],"class_list":{"0":"post-1576","1":"product","2":"type-product","3":"status-publish","4":"has-post-thumbnail","6":"product_cat-smilkymo-lazdeles","8":"first","9":"instock","10":"shipping-taxable","11":"purchasable","12":"product-type-simple"},"acf":[],"aioseo_notices":[],"_links":{"self":[{"href":"https:\/\/divine-senses.com\/lt\/wp-json\/wp\/v2\/product\/1576","targetHints":{"allow":["GET"]}}],"collection":[{"href":"https:\/\/divine-senses.com\/lt\/wp-json\/wp\/v2\/product"}],"about":[{"href":"https:\/\/divine-senses.com\/lt\/wp-json\/wp\/v2\/types\/product"}],"replies":[{"embeddable":true,"href":"https:\/\/divine-senses.com\/lt\/wp-json\/wp\/v2\/comments?post=1576"}],"wp:featuredmedia":[{"embeddable":true,"href":"https:\/\/divine-senses.com\/lt\/wp-json\/wp\/v2\/media\/1484"}],"wp:attachment":[{"href":"https:\/\/divine-senses.com\/lt\/wp-json\/wp\/v2\/media?parent=1576"}],"wp:term":[{"taxonomy":"product_brand","embeddable":true,"href":"https:\/\/divine-senses.com\/lt\/wp-json\/wp\/v2\/product_brand?post=1576"},{"taxonomy":"product_cat","embeddable":true,"href":"https:\/\/divine-senses.com\/lt\/wp-json\/wp\/v2\/product_cat?post=1576"},{"taxonomy":"product_tag","embeddable":true,"href":"https:\/\/divine-senses.com\/lt\/wp-json\/wp\/v2\/product_tag?post=1576"}],"curies":[{"name":"wp","href":"https:\/\/api.w.org\/{rel}","templated":true}]}}