{"id":1577,"date":"2024-11-29T08:28:11","date_gmt":"2024-11-29T08:28:11","guid":{"rendered":"https:\/\/divine-senses.com\/collection\/be-kategorijos\/smudgingo-rinkinys-inner-peace\/"},"modified":"2026-03-12T21:44:01","modified_gmt":"2026-03-12T21:44:01","slug":"smilkymo-rinkinys-inner-peace","status":"publish","type":"product","link":"https:\/\/divine-senses.com\/lt\/kolekcija\/smilkymo-lazdeles\/smilkymo-rinkinys-inner-peace\/","title":{"rendered":"Smilkymo rinkinys INNER PEACE"},"content":{"rendered":"<h2>Kod\u0117l verta rinktis smilkymo rinkin\u012f INNER PEACE?<\/h2>\n<p><strong>Smilkymo rinkinys INNER PEACE<\/strong> sukurtas energijai valyti ir i\u0161gryninti, efektyviai pa\u0161alindamas neigiam\u0105 ir sustingusi\u0105 energij\u0105, kad j\u016bs\u0173 erdv\u0117 tapt\u0173 lengva ir gaivi. Jis padeda emociniam ir dvasiniam gijimui, skatindamas atsipalaidavim\u0105, s\u0105moningum\u0105 ir gil\u0173 vidin\u012f ry\u0161\u012f. Rinkinyje rasite tik auk\u0161\u010diausios kokyb\u0117s, eti\u0161kai i\u0161gaunamus ingredientus \u2013 \u0161ventus augalus ir kristalus, kurie stiprina j\u016bs\u0173 gerov\u0119.<\/p>\n<h2>K\u0105 rasite smilkymo rinkinyje INNER PEACE?<\/h2>\n<p>Kiekvienas rinkinio elementas kruop\u0161\u010diai atrinktas pagal jo unikali\u0105 dvasin\u0119 ir energetin\u0119 gali\u0105:<\/p>\n<ul>\n<li><strong>Palo Santo lazdel\u0117<\/strong> \u2013 \u0161ventas \u201e\u0161ventasis medis\u201c, naudojamas apsivalymui, atsipalaidavimui ir dvasinei apsaugai.<\/li>\n<li><strong>Yerba Santa smilkymo lazdel\u0117<\/strong> \u2013 skatina meil\u0119, stipryb\u0119 ir padeda paleisti emocinius blokus \u0161irdies \u010dakroje.<\/li>\n<li><strong>Baltojo \u0161alavijo lazdel\u0117<\/strong> \u2013 \u0161ventas augalas, \u017einomas d\u0117l savo geb\u0117jimo \u0161alinti neigiam\u0105 energij\u0105, gerinti susikaupim\u0105 ir harmonizuoti aplink\u0105.<\/li>\n<li><strong>Selenito kristalas<\/strong> \u2013 skatina ramyb\u0119, ai\u0161kum\u0105 ir energetin\u0119 apsaug\u0105, puikiai tinka meditacijai.<\/li>\n<li><strong>Abalone Kriaukl\u0117<\/strong> \u2013 nat\u016brali smilkymo l\u0117k\u0161tel\u0117, padedanti energijos tek\u0117jimui ir \u012f\u017eeminimui.<\/li>\n<\/ul>\n","protected":false},"excerpt":{"rendered":"<p>\u012ene\u0161kite ramyb\u0119 ir harmonij\u0105 \u012f savo erdv\u0119 su <strong>Smilkymo rinkiniu INNER PEACE<\/strong>. \u0160is kruop\u0161\u010diai sudarytas rinkinys sujungia galingus gamtos elementus, skirtus <strong>energetiniam apsivalymui, dvasiniam i\u0161gryninimui ir emociniam gydymui<\/strong>. Nesvarbu, ar pradedate dien\u0105 su ketinimu, medituojate ar valote sustingusi\u0105 energij\u0105, \u0161is rinkinys pakyl\u0117s j\u016bs\u0173 ritual\u0105 \u012f nauj\u0105 lygmen\u012f.<\/p>\n","protected":false},"featured_media":1439,"comment_status":"open","ping_status":"closed","template":"","meta":{"_acf_changed":false},"product_brand":[],"product_cat":[42],"product_tag":[],"class_list":{"0":"post-1577","1":"product","2":"type-product","3":"status-publish","4":"has-post-thumbnail","6":"product_cat-smilkymo-lazdeles","8":"first","9":"outofstock","10":"shipping-taxable","11":"purchasable","12":"product-type-simple"},"acf":[],"aioseo_notices":[],"_links":{"self":[{"href":"https:\/\/divine-senses.com\/lt\/wp-json\/wp\/v2\/product\/1577","targetHints":{"allow":["GET"]}}],"collection":[{"href":"https:\/\/divine-senses.com\/lt\/wp-json\/wp\/v2\/product"}],"about":[{"href":"https:\/\/divine-senses.com\/lt\/wp-json\/wp\/v2\/types\/product"}],"replies":[{"embeddable":true,"href":"https:\/\/divine-senses.com\/lt\/wp-json\/wp\/v2\/comments?post=1577"}],"wp:featuredmedia":[{"embeddable":true,"href":"https:\/\/divine-senses.com\/lt\/wp-json\/wp\/v2\/media\/1439"}],"wp:attachment":[{"href":"https:\/\/divine-senses.com\/lt\/wp-json\/wp\/v2\/media?parent=1577"}],"wp:term":[{"taxonomy":"product_brand","embeddable":true,"href":"https:\/\/divine-senses.com\/lt\/wp-json\/wp\/v2\/product_brand?post=1577"},{"taxonomy":"product_cat","embeddable":true,"href":"https:\/\/divine-senses.com\/lt\/wp-json\/wp\/v2\/product_cat?post=1577"},{"taxonomy":"product_tag","embeddable":true,"href":"https:\/\/divine-senses.com\/lt\/wp-json\/wp\/v2\/product_tag?post=1577"}],"curies":[{"name":"wp","href":"https:\/\/api.w.org\/{rel}","templated":true}]}}