{"id":1579,"date":"2024-11-29T08:29:13","date_gmt":"2024-11-29T08:29:13","guid":{"rendered":"https:\/\/divine-senses.com\/collection\/be-kategorijos\/smilkalu-lazdeliu-pavyzdziu-rinkinys\/"},"modified":"2026-04-28T15:03:16","modified_gmt":"2026-04-28T15:03:16","slug":"smilkalu-rinkinys-meginiai","status":"publish","type":"product","link":"https:\/\/divine-senses.com\/lt\/kolekcija\/nisiniai-smilkalai\/smilkalu-rinkinys-meginiai\/","title":{"rendered":"Smilkal\u0173 rinkinys &#8211; m\u0117giniai"},"content":{"rendered":"<h2>Atraskite m\u0117gini\u0173 rinkinyje esan\u010dius kvapus<\/h2>\n<p>Kiekviename <strong>Smilkal\u0173 m\u0117gini\u0173 rinkinyje<\/strong> rasite po vien\u0105 smilkal\u0173 lazdel\u0119 i\u0161 \u0161i\u0173 14 aromat\u0173:<\/p>\n<ol>\n<li><strong>Sandalmedis<\/strong>: \u0160iltas, \u017eemi\u0161kas ir raminantis \u2013 puikiai tinka meditacijai.<\/li>\n<li><strong>Agarmedis<\/strong>: Gilus, medienos kvapo su subtiliu saldumu, \u012f\u017eeminan\u010diai energijai.<\/li>\n<li><strong>Intensyvus Agarmedis<\/strong>: Dr\u0105sus kvapas su \u0161iltomis prieskoni\u0173 ir karamelizuotomis natomis.<\/li>\n<li><strong>Palo Santo &amp; Oud<\/strong>: D\u016bminis, saldus pu\u0161ies kvapas su i\u0161skirtiniu oud akcentu.<\/li>\n<li><strong>Palo Santo &amp; \u0160alavijas<\/strong>: \u017demi\u0161kas ir \u017eoleli\u0173 kupinas kvapas energetiniam apsivalymui.<\/li>\n<li><strong>Ramyb\u0117<\/strong>: Mistinis smilkal\u0173, miros ir vanil\u0117s derinys.<\/li>\n<li><strong>Magi\u0161kasis Oud<\/strong>: Tamsi mediena su sald\u017eiu skrudintos karamel\u0117s atspalviu.<\/li>\n<li><strong>Bulgarijos Ro\u017e\u0117<\/strong>: Saldus, g\u0117li\u0173 ir viliojantis \u2013 simbolizuoja meil\u0119 ir moteri\u0161kum\u0105.<\/li>\n<li><strong>Ro\u017e\u0117 &amp; Oud<\/strong>: Subalansuotas saldus ro\u017ei\u0173 ir sodrus oudo kvapas.<\/li>\n<li><strong>Oud Noir<\/strong>: Intensyvus juodojo oudo aromatas su medaus ir sandalmed\u017eio u\u017euominomis.<\/li>\n<li><strong>Begalyb\u0117<\/strong>: Kosminis baltosios oudo, muskuso ir \u0161afrano mi\u0161inys.<\/li>\n<li><strong>Oud Safi<\/strong>: A\u0161trus ir dr\u0105sus kvapas su karamel\u0117s ir \u0161okolado natomis.<\/li>\n<li><strong>Avalono palaima<\/strong>: \u017demi\u0161kas, g\u0117li\u0173 ir mistinis kvapas su m\u0117lynojo lotoso akcentais.<\/li>\n<li><strong>Meil\u0117s da\u017enis<\/strong>: \u0160ird\u012f atveriantis mi\u0161inys su vintage oud, ro\u017e\u0117mis ir mandarin\u0173 nata.<\/li>\n<\/ol>\n<p>\u0160is kruop\u0161\u010diai atrinktas rinkinys kvie\u010dia atrasti skirtingus kvapus \u2013 nuo \u017eemi\u0161k\u0173 ir raminan\u010di\u0173 iki gaivi\u0173 ir jausming\u0173, kiekvienas j\u0173 sukurtas tam, kad \u012fkv\u0117pt\u0173 unikalius jausmus ir pagerint\u0173 j\u016bs\u0173 erdv\u0117s atmosfer\u0105.<\/p>\n<h2>Meistri\u0161kumas ir auk\u0161\u010diausios kokyb\u0117s ingredientai<\/h2>\n<p>Kiekviena smilkal\u0173 lazdel\u0117 m\u0117gini\u0173 rinkinyje yra rank\u0173 darbo ir gaminama Indijoje, naudojant auk\u0161\u010diausios kokyb\u0117s ingredientus. M\u016bs\u0173 amatinink\u0173 procesas apima:<\/p>\n<ul>\n<li><strong>Nat\u016bralus bambuko pagaliukas<\/strong>: U\u017etikrina \u0161var\u0173 ir stabil\u0173 degim\u0105.<\/li>\n<li><strong>Prabang\u016bs aliejai ir sakai<\/strong>: Praturtinti eteriniais ir botaniniais aliejais tikram kvap\u0173 autenti\u0161kumui.<\/li>\n<li><strong>Tvariai i\u0161gauti ingredientai<\/strong>: Be sintetini\u0173 pried\u0173, kad patirtis b\u016bt\u0173 kuo nat\u016bralesn\u0117.<\/li>\n<li><strong>Ved\u0173 technikos<\/strong>: Rankomis sukti ir nat\u016braliai d\u017eiovinti smilkalai, i\u0161saugantys ingredient\u0173 energij\u0105 ir autenti\u0161kum\u0105.<\/li>\n<\/ul>\n","protected":false},"excerpt":{"rendered":"<p>Pasinerkite \u012f u\u017eburian\u010di\u0105 aromaterapijos pasaul\u012f su m\u016bs\u0173 <strong>Smilkal\u0173 rinkiniu \u2013 m\u0117giniais<\/strong>. \u0160is rinkinys, sudarytas i\u0161 14 kruop\u0161\u010diai atrinkt\u0173 kvap\u0173, yra puikus pasirinkimas tiek naujokams, tiek patyrusiems smilkal\u0173 m\u0117g\u0117jams, norintiems atrasti prabang\u0105, dvasingum\u0105 ir s\u0105moningum\u0105 per kvapus.<\/p>\n","protected":false},"featured_media":1443,"comment_status":"open","ping_status":"closed","template":"","meta":{"_acf_changed":false},"product_brand":[],"product_cat":[40],"product_tag":[],"class_list":{"0":"post-1579","1":"product","2":"type-product","3":"status-publish","4":"has-post-thumbnail","6":"product_cat-nisiniai-smilkalai","8":"first","9":"instock","10":"shipping-taxable","11":"purchasable","12":"product-type-simple"},"acf":[],"aioseo_notices":[],"_links":{"self":[{"href":"https:\/\/divine-senses.com\/lt\/wp-json\/wp\/v2\/product\/1579","targetHints":{"allow":["GET"]}}],"collection":[{"href":"https:\/\/divine-senses.com\/lt\/wp-json\/wp\/v2\/product"}],"about":[{"href":"https:\/\/divine-senses.com\/lt\/wp-json\/wp\/v2\/types\/product"}],"replies":[{"embeddable":true,"href":"https:\/\/divine-senses.com\/lt\/wp-json\/wp\/v2\/comments?post=1579"}],"wp:featuredmedia":[{"embeddable":true,"href":"https:\/\/divine-senses.com\/lt\/wp-json\/wp\/v2\/media\/1443"}],"wp:attachment":[{"href":"https:\/\/divine-senses.com\/lt\/wp-json\/wp\/v2\/media?parent=1579"}],"wp:term":[{"taxonomy":"product_brand","embeddable":true,"href":"https:\/\/divine-senses.com\/lt\/wp-json\/wp\/v2\/product_brand?post=1579"},{"taxonomy":"product_cat","embeddable":true,"href":"https:\/\/divine-senses.com\/lt\/wp-json\/wp\/v2\/product_cat?post=1579"},{"taxonomy":"product_tag","embeddable":true,"href":"https:\/\/divine-senses.com\/lt\/wp-json\/wp\/v2\/product_tag?post=1579"}],"curies":[{"name":"wp","href":"https:\/\/api.w.org\/{rel}","templated":true}]}}