{"id":1580,"date":"2024-11-29T08:07:10","date_gmt":"2024-11-29T08:07:10","guid":{"rendered":"https:\/\/divine-senses.com\/collection\/be-kategorijos\/smilkalu-lazdeles-rose-oud\/"},"modified":"2025-02-04T09:08:35","modified_gmt":"2025-02-04T09:08:35","slug":"smilkalai-rose-oud","status":"publish","type":"product","link":"https:\/\/divine-senses.com\/lt\/kolekcija\/nisiniai-smilkalai\/smilkalai-rose-oud\/","title":{"rendered":"Smilkalai ROSE &#038; OUD"},"content":{"rendered":"<h2>Koks yra Rose &#038; Oud aromatas?<\/h2>\n<p>Pasinerkite \u012f u\u017eburiant\u012f <strong>Rose &#038; Oud<\/strong> kvap\u0105. Gundant\u012f ro\u017ei\u0173 \u017eiedlapi\u0173 saldum\u0105 harmoningai papildo d\u016bminis, sodrus oudo aromatas. \u0160ios dvi natos susilieja \u012f kvap\u0105, kuris kartu ir kerintis, ir \u012f\u017eeminantis. \u012esivaizduokite sod\u0105 piln\u0105 \u017eydin\u010di\u0173 ro\u017ei\u0173, kuriame tvyro \u0161ilta, \u017eemi\u0161ka v\u0117sa \u2013 tai poj\u016btis, jungiantis jausmingum\u0105 ir ramyb\u0119.<\/p>\n<h2>Rank\u0173 darbo tobulumas<\/h2>\n<p>Kiekviena <strong>Rose &#038; Oud smilkal\u0173 lazdel\u0117<\/strong> yra kruop\u0161\u010diai rankomis gaminama Indijoje, siekiant u\u017etikrinti auk\u0161\u010diausi\u0105 kokyb\u0119 ir d\u0117mes\u012f detal\u0117ms.<\/p>\n<p>Pagrindiniai ingredientai:<\/p>\n<ul>\n<li>Nat\u016bralus bambuko pagaliukas<\/li>\n<li>Ro\u017ei\u0173 esencija<\/li>\n<li>Oudo sakai<\/li>\n<li>Botaniniai aliejai<\/li>\n<li>Nat\u016brali anglis ir sakai<\/li>\n<\/ul>\n<p>Puikiai tinka s\u0105moningumo praktikoms, meditacijai ir ramiai atmosferai sukurti. Skirtingai nei \u012fprasti smilkalai su sintetiniais priedais, m\u016bs\u0173 gaminiai yra be kenksming\u0173 chemini\u0173 med\u017eiag\u0173 ar sunki\u0173j\u0173 anglies jungini\u0173. Tai u\u017etikrina \u0161var\u0173 degim\u0105, kuris trunka apie 45 minutes, nepaliekant stipraus dirbtinio kvapo.<\/p>\n<p><strong>Smilkal\u0173 kiekis:<\/strong> 15 gram\u0173 yra ma\u017edaug 12 smilkal\u0173<\/p>\n","protected":false},"excerpt":{"rendered":"<p>Susijunkite su gundan\u010diu ro\u017e\u0117s saldumu ir giliomis, karali\u0161komis oudo natomis. <strong>Rose &#038; Oud smilkalai<\/strong> yra meistri\u0161kai rankomis pagaminti, siekiant sukurti subtili\u0105 pusiausvyr\u0105 tarp moteri\u0161ko \u017eavesio ir vyri\u0161kos j\u0117gos. Puikiai tinka meditacijai, sav\u0119s prie\u017ei\u016bros ritualams ar nam\u0173 atmosferos praturtinimui \u2013 \u0161is aromatas suteikia prabangi\u0105 jutimin\u0119 patirt\u012f.<\/p>\n","protected":false},"featured_media":1410,"comment_status":"open","ping_status":"closed","template":"","meta":{"_acf_changed":false},"product_brand":[],"product_cat":[40],"product_tag":[],"class_list":{"0":"post-1580","1":"product","2":"type-product","3":"status-publish","4":"has-post-thumbnail","6":"product_cat-nisiniai-smilkalai","8":"first","9":"instock","10":"shipping-taxable","11":"purchasable","12":"product-type-simple"},"acf":[],"aioseo_notices":[],"_links":{"self":[{"href":"https:\/\/divine-senses.com\/lt\/wp-json\/wp\/v2\/product\/1580","targetHints":{"allow":["GET"]}}],"collection":[{"href":"https:\/\/divine-senses.com\/lt\/wp-json\/wp\/v2\/product"}],"about":[{"href":"https:\/\/divine-senses.com\/lt\/wp-json\/wp\/v2\/types\/product"}],"replies":[{"embeddable":true,"href":"https:\/\/divine-senses.com\/lt\/wp-json\/wp\/v2\/comments?post=1580"}],"wp:featuredmedia":[{"embeddable":true,"href":"https:\/\/divine-senses.com\/lt\/wp-json\/wp\/v2\/media\/1410"}],"wp:attachment":[{"href":"https:\/\/divine-senses.com\/lt\/wp-json\/wp\/v2\/media?parent=1580"}],"wp:term":[{"taxonomy":"product_brand","embeddable":true,"href":"https:\/\/divine-senses.com\/lt\/wp-json\/wp\/v2\/product_brand?post=1580"},{"taxonomy":"product_cat","embeddable":true,"href":"https:\/\/divine-senses.com\/lt\/wp-json\/wp\/v2\/product_cat?post=1580"},{"taxonomy":"product_tag","embeddable":true,"href":"https:\/\/divine-senses.com\/lt\/wp-json\/wp\/v2\/product_tag?post=1580"}],"curies":[{"name":"wp","href":"https:\/\/api.w.org\/{rel}","templated":true}]}}