{"id":1581,"date":"2024-11-29T08:09:32","date_gmt":"2024-11-29T08:09:32","guid":{"rendered":"https:\/\/divine-senses.com\/collection\/be-kategorijos\/smilkalu-lazdeles-palo-santo-oud\/"},"modified":"2026-04-28T15:03:17","modified_gmt":"2026-04-28T15:03:17","slug":"smilkalai-palo-santo-oud","status":"publish","type":"product","link":"https:\/\/divine-senses.com\/lt\/kolekcija\/nisiniai-smilkalai\/smilkalai-palo-santo-oud\/","title":{"rendered":"Smilkalai PALO SANTO &#038; OUD"},"content":{"rendered":"<h2>Koks yra Palo Santo &#038; Oud aromatas?<\/h2>\n<p>\u012esivaizduokite pasivaik\u0161\u010diojim\u0105 \u0161ventoje girioje, kur saldus, \u017eemi\u0161kas Palo Santo kvapas susilieja su sodriu, medienos kupinu Oudo elegancija. Aromatas yra dr\u0105sus, bet harmoningas \u2013 jame susipina d\u016bmin\u0117 pelen\u0173 nata, \u0161iltos odos atspalviai ir gaivus pu\u0161ies bei citrusini\u0173 vaisi\u0173 dvelksmas. \u0160is unikalus kvap\u0173 derinys skatina \u012f\u017eeminim\u0105, apsaug\u0105 ir dvasin\u012f pakyl\u0117jim\u0105, tod\u0117l puikiai tinka meditacijai, ritualams ar tiesiog poilsiui po ilgos dienos.<\/p>\n<h2>Rank\u0173 darbo tobulumas<\/h2>\n<p>M\u016bs\u0173 <strong>Palo Santo &#038; Oud smilkalai<\/strong> kruop\u0161\u010diai gaminami Indijoje, naudojant tik nat\u016bralius ir tvariai i\u0161gaunamus ingredientus. Kiekviena lazdel\u0117 sukurta taip, kad u\u017etikrint\u0173 \u0161var\u0173, tolyg\u0173 degim\u0105 ir ilgai i\u0161liekant\u012f aromat\u0105.<\/p>\n<p>Pagrindiniai ingredientai:<\/p>\n<ul>\n<li>Nat\u016bralus bambuko pagaliukas<\/li>\n<li>Gryni Palo Santo med\u017eio milteliai<\/li>\n<li>Auk\u0161\u010diausios kokyb\u0117s Oud aliejus<\/li>\n<li>Botaniniai aliejai ir sakai<\/li>\n<\/ul>\n<p>Naudojant senovines vedines technikas, smilkalai yra rankomis sukami ir d\u017eiovinami nat\u016bralioje saul\u0117s \u0161viesoje, i\u0161saugant ingredient\u0173 vientisum\u0105 ir u\u017etikrinant, kad kiekviena lazdel\u0117 b\u016bt\u0173 pripildyta meil\u0117s ir harmonijos.<\/p>\n<p>Skirtingai nei \u012fprasti smilkalai su sintetiniais priedais, m\u016bs\u0173 gaminiai yra be kenksming\u0173 chemini\u0173 med\u017eiag\u0173 ar sunki\u0173j\u0173 anglies jungini\u0173. Tai u\u017etikrina \u0161var\u0173 degim\u0105, kuris trunka apie 45 minutes, nepaliekant stipraus dirbtinio kvapo.<\/p>\n<p><strong>Smilkal\u0173 kiekis:<\/strong> i\u0161 viso 10 g. Kadangi kiekviena smilkal\u0173 lazdel\u0117 yra rank\u0173 darbo ir gali skirtis svoriu, pakuot\u0117je yra apie 7\u201311 lazdeli\u0173.<\/p>\n","protected":false},"excerpt":{"rendered":"<p>Patirkite dviej\u0173 sakrali\u0173 kvap\u0173 sinergij\u0105 su m\u016bs\u0173 <strong>Palo Santo &#038; Oud smilkalais<\/strong>. Meistri\u0161kai rankomis gaminti i\u0161 auk\u0161\u010diausios kokyb\u0117s nat\u016brali\u0173 ingredient\u0173, \u0161ie smilkalai puikiai tinka meditacijai, energetiniam apsivalymui ar tiesiog rafinuotai, ramiai atmosferai sukurti. Sodrus ir d\u016bminis aromatas subalansuoja dvasingum\u0105 ir elegancij\u0105.<\/p>\n","protected":false},"featured_media":1414,"comment_status":"open","ping_status":"closed","template":"","meta":{"_acf_changed":false},"product_brand":[],"product_cat":[40],"product_tag":[],"class_list":{"0":"post-1581","1":"product","2":"type-product","3":"status-publish","4":"has-post-thumbnail","6":"product_cat-nisiniai-smilkalai","8":"first","9":"instock","10":"shipping-taxable","11":"purchasable","12":"product-type-simple"},"acf":[],"aioseo_notices":[],"_links":{"self":[{"href":"https:\/\/divine-senses.com\/lt\/wp-json\/wp\/v2\/product\/1581","targetHints":{"allow":["GET"]}}],"collection":[{"href":"https:\/\/divine-senses.com\/lt\/wp-json\/wp\/v2\/product"}],"about":[{"href":"https:\/\/divine-senses.com\/lt\/wp-json\/wp\/v2\/types\/product"}],"replies":[{"embeddable":true,"href":"https:\/\/divine-senses.com\/lt\/wp-json\/wp\/v2\/comments?post=1581"}],"wp:featuredmedia":[{"embeddable":true,"href":"https:\/\/divine-senses.com\/lt\/wp-json\/wp\/v2\/media\/1414"}],"wp:attachment":[{"href":"https:\/\/divine-senses.com\/lt\/wp-json\/wp\/v2\/media?parent=1581"}],"wp:term":[{"taxonomy":"product_brand","embeddable":true,"href":"https:\/\/divine-senses.com\/lt\/wp-json\/wp\/v2\/product_brand?post=1581"},{"taxonomy":"product_cat","embeddable":true,"href":"https:\/\/divine-senses.com\/lt\/wp-json\/wp\/v2\/product_cat?post=1581"},{"taxonomy":"product_tag","embeddable":true,"href":"https:\/\/divine-senses.com\/lt\/wp-json\/wp\/v2\/product_tag?post=1581"}],"curies":[{"name":"wp","href":"https:\/\/api.w.org\/{rel}","templated":true}]}}