{"id":1582,"date":"2024-11-29T08:08:49","date_gmt":"2024-11-29T08:08:49","guid":{"rendered":"https:\/\/divine-senses.com\/collection\/be-kategorijos\/smilkalu-lazdeles-palo-santo-ir-salavijas\/"},"modified":"2025-02-04T09:08:33","modified_gmt":"2025-02-04T09:08:33","slug":"smilkalai-palo-santo-sage","status":"publish","type":"product","link":"https:\/\/divine-senses.com\/lt\/kolekcija\/nisiniai-smilkalai\/smilkalai-palo-santo-sage\/","title":{"rendered":"Smilkalai PALO SANTO &#038; SAGE"},"content":{"rendered":"<h2>Koks yra Palo Santo &#038; Sage aromatas?<\/h2>\n<p><strong>Palo Santo &#038; Sage smilkalai<\/strong> sujungia du vertinamus kvapus, sukurdami tyr\u0105 ramyb\u0117s ir pusiausvyros potyr\u012f. Sald\u017eios, medienos natos i\u0161 Palo Santo puikiai dera su \u017eemi\u0161ku, \u017eoleli\u0173 kupinu \u0161alavijo aromatu, sukuriant gaiv\u0173 ir subalansuot\u0105 kvap\u0105. Mi\u0161inyje jau\u010diami subtil\u016bs pu\u0161ies, m\u0117t\u0173 ir citrusini\u0173 vaisi\u0173 dvelksmai, tod\u0117l \u0161is aromatas idealiai tinka energetiniam apsivalymui ir vidin\u0117s ramyb\u0117s palaikymui. \u012esivaizduokite pasivaik\u0161\u010diojim\u0105 \u0161ventame mi\u0161ke po \u0161velnaus lietaus \u2013 gaivu, \u012f\u017eeminan\u010diai ir giliai valan\u010diai.<\/p>\n<h2>Rank\u0173 darbo tobulumas<\/h2>\n<p>M\u016bs\u0173 <strong>Palo Santo &#038; Sage smilkalai<\/strong> yra rank\u0173 darbo, gaminami Indijoje i\u0161 auk\u0161\u010diausios kokyb\u0117s nat\u016brali\u0173 ingredient\u0173, pasitelkiant senovines vedines technikas. Kiekviena lazdel\u0117 sukurta taip, kad u\u017etikrint\u0173 \u0161var\u0173, tolyg\u0173 degim\u0105 ir sodr\u0173, ilgai i\u0161liekant\u012f aromat\u0105.<\/p>\n<p>Pagrindiniai ingredientai:<\/p>\n<ul>\n<li>Gryni Palo Santo med\u017eio milteliai<\/li>\n<li>Nat\u016bralus \u0161alavijas<\/li>\n<li>Botaniniai aliejai<\/li>\n<li>Nat\u016bralus bambuko pagaliukas<\/li>\n<\/ul>\n<p>Skirtingai nei \u012fprasti smilkalai su sintetiniais priedais, m\u016bs\u0173 gaminiai yra be kenksming\u0173 chemini\u0173 med\u017eiag\u0173 ar sunki\u0173j\u0173 anglies jungini\u0173. Tai u\u017etikrina \u0161var\u0173 degim\u0105, kuris trunka apie 45 minutes, nepaliekant stipraus dirbtinio kvapo.<\/p>\n<p><strong>Smilkal\u0173 kiekis:<\/strong> 15 gram\u0173 yra ma\u017edaug 12 smilkal\u0173<\/p>\n","protected":false},"excerpt":{"rendered":"<p>Sukurkite harmoning\u0105 ir energizuojan\u010di\u0105 aplink\u0105 su <strong>Palo Santo &#038; Sage smilkalais<\/strong>. Pagaminti i\u0161 tvariai i\u0161gaunam\u0173 nat\u016brali\u0173 ingredient\u0173, \u0161ie sakral\u016bs smilkalai puikiai tinka energetiniam apsivalymui, meditacijai ir dvasini\u0173 praktik\u0173 stiprinimui. \u017demi\u0161kas, \u017eoleli\u0173 aromatas pad\u0117s \u012fsi\u017eeminti, o gaivus Palo Santo saldumas pakyl\u0117s j\u016bs\u0173 dvasi\u0105.<\/p>\n","protected":false},"featured_media":1416,"comment_status":"open","ping_status":"closed","template":"","meta":{"_acf_changed":false},"product_brand":[],"product_cat":[40],"product_tag":[],"class_list":{"0":"post-1582","1":"product","2":"type-product","3":"status-publish","4":"has-post-thumbnail","6":"product_cat-nisiniai-smilkalai","8":"first","9":"instock","10":"shipping-taxable","11":"purchasable","12":"product-type-simple"},"acf":[],"aioseo_notices":[],"_links":{"self":[{"href":"https:\/\/divine-senses.com\/lt\/wp-json\/wp\/v2\/product\/1582","targetHints":{"allow":["GET"]}}],"collection":[{"href":"https:\/\/divine-senses.com\/lt\/wp-json\/wp\/v2\/product"}],"about":[{"href":"https:\/\/divine-senses.com\/lt\/wp-json\/wp\/v2\/types\/product"}],"replies":[{"embeddable":true,"href":"https:\/\/divine-senses.com\/lt\/wp-json\/wp\/v2\/comments?post=1582"}],"wp:featuredmedia":[{"embeddable":true,"href":"https:\/\/divine-senses.com\/lt\/wp-json\/wp\/v2\/media\/1416"}],"wp:attachment":[{"href":"https:\/\/divine-senses.com\/lt\/wp-json\/wp\/v2\/media?parent=1582"}],"wp:term":[{"taxonomy":"product_brand","embeddable":true,"href":"https:\/\/divine-senses.com\/lt\/wp-json\/wp\/v2\/product_brand?post=1582"},{"taxonomy":"product_cat","embeddable":true,"href":"https:\/\/divine-senses.com\/lt\/wp-json\/wp\/v2\/product_cat?post=1582"},{"taxonomy":"product_tag","embeddable":true,"href":"https:\/\/divine-senses.com\/lt\/wp-json\/wp\/v2\/product_tag?post=1582"}],"curies":[{"name":"wp","href":"https:\/\/api.w.org\/{rel}","templated":true}]}}