{"id":1584,"date":"2024-11-29T08:20:35","date_gmt":"2024-11-29T08:20:35","guid":{"rendered":"https:\/\/divine-senses.com\/collection\/be-kategorijos\/abalono-kriaukle\/"},"modified":"2026-04-28T15:03:18","modified_gmt":"2026-04-28T15:03:18","slug":"abalono-kriaukle","status":"publish","type":"product","link":"https:\/\/divine-senses.com\/lt\/kolekcija\/smilkalines\/abalono-kriaukle\/","title":{"rendered":"Abalono Kriaukl\u0117"},"content":{"rendered":"<h2>Unikalus Abalono Kriaukl\u0117s gro\u017eis<\/h2>\n<p><strong>Abalono Kriaukl\u0117<\/strong> \u2013 tai nuostabi j\u016bros dovana, \u017e\u0117rinti \u012fvairiais \u017ealios, m\u0117lynos, ro\u017ein\u0117s ir sidabrin\u0117s atspalviais, kurie \u0161viesoje atsiskleid\u017eia vis naujomis spalvomis. Kiekviena kriaukl\u0117 yra unikali savo spalvomis ir tekst\u016bra, tod\u0117l tampa ypatinga interjero detale. Be estetinio \u017eavesio, ji spinduliuoja \u0161ilum\u0105 ir \u012f\u017eeminan\u010dias vibracijas, tod\u0117l yra nepakei\u010diama priemon\u0117 energetiniam apsivalymui, gydymui ir meditacijai. Naudojama \u0161alavijo, Palo Santo ar kristal\u0173 laikymui, <strong>Abalono Kriaukl\u0117<\/strong> padeda sustiprinti ry\u0161\u012f su gamta ir vidine ramybe.<\/p>\n<h2>Kaip naudoti Abalono Kriaukl\u0119?<\/h2>\n<ol>\n<li><strong>Pasiruo\u0161kite apsivalymui:<\/strong> Pad\u0117kite kriaukl\u0119 ant kar\u0161\u010diui atsparaus pavir\u0161iaus, kad i\u0161vengtum\u0117te pa\u017eeidim\u0173.<\/li>\n<li><strong>\u012ed\u0117kite ritualinius \u012frankius:<\/strong> Naudokite j\u0105 smilkymo lazdel\u0117ms, birioms \u017eolel\u0117ms ar smilkalams laikyti energetinio apsivalymo metu.<\/li>\n<li><strong>U\u017edekite smilkymo priemon\u0119:<\/strong> Prideginkite \u0161alavij\u0105 ar Palo Santo ir leiskite d\u016bmams \u0161velniai sklisti, kol kriaukl\u0117 saugiai surinks pelenus.<\/li>\n<li><strong>Derinkite su kitomis praktikomis:<\/strong> Naudokite kartu su meditacija, joga ar ketinim\u0173 nustatymo ceremonijomis, kad pasiektum\u0117te dar gilesnius rezultatus.<\/li>\n<\/ol>\n<p>Nor\u0117dami sustiprinti apsivalymo poveik\u012f, derinkite <strong>Abalono Kriaukl\u0119<\/strong> su selenito lazdele ar kristalais, kurie sustiprina jos energetin\u0119 gali\u0105.<\/p>\n<p>Praturtinkite savo dvasin\u0117s praktikos rinkin\u012f papildomais ritualiniais \u012frankiais, tokiais kaip <a href=\"https:\/\/divine-senses.com\/lt\/kolekcija\/smilkymo-lazdeles\/palo-santo-smilkymo-lazdele\/\" target=\"_blank\" rel=\"noopener\"><strong>Palo Santo smilkymo lazdel\u0117s<\/strong><\/a> arba <a href=\"https:\/\/divine-senses.com\/lt\/kolekcija\/smilkymo-lazdeles\/baltojo-salavijo-smilkymo-lazdele\/\" target=\"_blank\" rel=\"noopener\"><strong>Baltojo \u0160alavijo lazdel\u0117s<\/strong><\/a>.<\/p>\n","protected":false},"excerpt":{"rendered":"<p>Atraskite nat\u016bral\u0173 gro\u017e\u012f ir dvasin\u0119 gali\u0105 su <strong>Abalono Kriaukle<\/strong>. \u0160is i\u0161skirtinis gamtos k\u016brinys, puikiai tinkantis smilkymo lazdel\u0117ms ar smilkymo \u017eol\u0117ms laikyti, suteikia raminan\u010di\u0105 energij\u0105 j\u016bs\u0173 ritualams. D\u0117l savo spindin\u010dio perlamutrinio pavir\u0161iaus ir \u012f\u017eeminan\u010di\u0173 savybi\u0173 <strong>Abalono Kriaukl\u0117<\/strong> ne tik sustiprina dvasines praktikas, bet ir sukuria harmoning\u0105 atmosfer\u0105 j\u016bs\u0173 erdv\u0117je.<\/p>\n","protected":false},"featured_media":1428,"comment_status":"open","ping_status":"closed","template":"","meta":{"_acf_changed":false},"product_brand":[],"product_cat":[39],"product_tag":[],"class_list":{"0":"post-1584","1":"product","2":"type-product","3":"status-publish","4":"has-post-thumbnail","6":"product_cat-smilkalines","8":"first","9":"outofstock","10":"shipping-taxable","11":"purchasable","12":"product-type-simple"},"acf":[],"aioseo_notices":[],"_links":{"self":[{"href":"https:\/\/divine-senses.com\/lt\/wp-json\/wp\/v2\/product\/1584","targetHints":{"allow":["GET"]}}],"collection":[{"href":"https:\/\/divine-senses.com\/lt\/wp-json\/wp\/v2\/product"}],"about":[{"href":"https:\/\/divine-senses.com\/lt\/wp-json\/wp\/v2\/types\/product"}],"replies":[{"embeddable":true,"href":"https:\/\/divine-senses.com\/lt\/wp-json\/wp\/v2\/comments?post=1584"}],"wp:featuredmedia":[{"embeddable":true,"href":"https:\/\/divine-senses.com\/lt\/wp-json\/wp\/v2\/media\/1428"}],"wp:attachment":[{"href":"https:\/\/divine-senses.com\/lt\/wp-json\/wp\/v2\/media?parent=1584"}],"wp:term":[{"taxonomy":"product_brand","embeddable":true,"href":"https:\/\/divine-senses.com\/lt\/wp-json\/wp\/v2\/product_brand?post=1584"},{"taxonomy":"product_cat","embeddable":true,"href":"https:\/\/divine-senses.com\/lt\/wp-json\/wp\/v2\/product_cat?post=1584"},{"taxonomy":"product_tag","embeddable":true,"href":"https:\/\/divine-senses.com\/lt\/wp-json\/wp\/v2\/product_tag?post=1584"}],"curies":[{"name":"wp","href":"https:\/\/api.w.org\/{rel}","templated":true}]}}