{"id":1585,"date":"2024-11-29T08:18:35","date_gmt":"2024-11-29T08:18:35","guid":{"rendered":"https:\/\/divine-senses.com\/collection\/be-kategorijos\/smudge-stick-white-sage\/"},"modified":"2025-02-04T09:04:57","modified_gmt":"2025-02-04T09:04:57","slug":"baltojo-salavijo-smilkymo-lazdele","status":"publish","type":"product","link":"https:\/\/divine-senses.com\/lt\/kolekcija\/smilkymo-lazdeles\/baltojo-salavijo-smilkymo-lazdele\/","title":{"rendered":"Baltojo \u0161alavijo smilkymo lazdel\u0117"},"content":{"rendered":"<h2>Kod\u0117l verta rinktis baltojo \u0161alavijo smilkymo lazdeles?<\/h2>\n<p>Kol \u012fprastos valymo priemon\u0117s remiasi sintetin\u0117mis chemin\u0117mis med\u017eiagomis, <strong>baltojo \u0161alavijo smilkymo lazdel\u0117s<\/strong> si\u016blo nat\u016bral\u0173 ir autenti\u0161k\u0105 metod\u0105. Jo gilios tradicijos ir stiprios valomosios savyb\u0117s suteikia didesn\u012f efektyvum\u0105 ir prasm\u0119 nei dirbtin\u0117s alternatyvos.<\/p>\n<h2>Koks yra baltojo \u0161alavijo aromatas?<\/h2>\n<p>Degdamas <strong>baltojo \u0161alavijo smilkymo lazdel\u0117<\/strong> skleid\u017eia \u0161var\u0173, \u017eemi\u0161k\u0105 aromat\u0105, kuris atgaivina mintis ir dvasi\u0105. Jos \u017eoleli\u0173 kvapas yra \u012f\u017eeminantis ir gaivinantis, tod\u0117l puikiai tinka ritualams ir atsipalaidavimui. \u012esivaizduokite saul\u0117s nutviekst\u0105 mi\u0161k\u0105, kuriame oras kupinas \u0161varos ir gyvyb\u0117s energijos \u2013 b\u016btent taip jau\u010diasi baltojo \u0161alavijo aromatas, suteikiantis poj\u016bt\u012f, lyg \u012fkv\u0117ptum\u0117te gaivaus oro gurk\u0161n\u012f.<\/p>\n","protected":false},"excerpt":{"rendered":"<p>Patirkite senovin\u012f apsivalymo men\u0105 su <strong>baltojo \u0161alavijo smilkymo lazdele<\/strong>. Vertinamas d\u0117l savo galing\u0173 valom\u0173j\u0173 savybi\u0173, baltasis \u0161alavijas puikiai tinka neigiamai energijai pa\u0161alinti, atsipalaidavimui skatinti ir harmoningai aplinkai sukurti. Tvariai i\u0161gaunamas ir rank\u0173 darbo, \u0161is smilkymo \u012frankis yra b\u016btinas s\u0105moningumo, ritual\u0173 ir dvasini\u0173 praktik\u0173 palydovas.<\/p>\n","protected":false},"featured_media":1421,"comment_status":"open","ping_status":"closed","template":"","meta":{"_acf_changed":false},"product_brand":[],"product_cat":[42],"product_tag":[],"class_list":{"0":"post-1585","1":"product","2":"type-product","3":"status-publish","4":"has-post-thumbnail","6":"product_cat-smilkymo-lazdeles","8":"first","9":"instock","10":"shipping-taxable","11":"purchasable","12":"product-type-simple"},"acf":[],"aioseo_notices":[],"_links":{"self":[{"href":"https:\/\/divine-senses.com\/lt\/wp-json\/wp\/v2\/product\/1585","targetHints":{"allow":["GET"]}}],"collection":[{"href":"https:\/\/divine-senses.com\/lt\/wp-json\/wp\/v2\/product"}],"about":[{"href":"https:\/\/divine-senses.com\/lt\/wp-json\/wp\/v2\/types\/product"}],"replies":[{"embeddable":true,"href":"https:\/\/divine-senses.com\/lt\/wp-json\/wp\/v2\/comments?post=1585"}],"wp:featuredmedia":[{"embeddable":true,"href":"https:\/\/divine-senses.com\/lt\/wp-json\/wp\/v2\/media\/1421"}],"wp:attachment":[{"href":"https:\/\/divine-senses.com\/lt\/wp-json\/wp\/v2\/media?parent=1585"}],"wp:term":[{"taxonomy":"product_brand","embeddable":true,"href":"https:\/\/divine-senses.com\/lt\/wp-json\/wp\/v2\/product_brand?post=1585"},{"taxonomy":"product_cat","embeddable":true,"href":"https:\/\/divine-senses.com\/lt\/wp-json\/wp\/v2\/product_cat?post=1585"},{"taxonomy":"product_tag","embeddable":true,"href":"https:\/\/divine-senses.com\/lt\/wp-json\/wp\/v2\/product_tag?post=1585"}],"curies":[{"name":"wp","href":"https:\/\/api.w.org\/{rel}","templated":true}]}}