{"id":1590,"date":"2024-11-29T08:22:12","date_gmt":"2024-11-29T08:22:12","guid":{"rendered":"https:\/\/divine-senses.com\/collection\/be-kategorijos\/baltas-smilkalu-laikiklis-anahata\/"},"modified":"2025-02-04T09:02:36","modified_gmt":"2025-02-04T09:02:36","slug":"balta-smilkaline-anahata","status":"publish","type":"product","link":"https:\/\/divine-senses.com\/lt\/kolekcija\/smilkalines\/balta-smilkaline-anahata\/","title":{"rendered":"Balta smilkalin\u0117 ANAHATA"},"content":{"rendered":"<h2>Unikali Baltos smilkalin\u0117s &#8222;ANAHATA&#8221; estetika<\/h2>\n<p><strong>Balta smilkalin\u0117 \u201eANAHATA\u201c<\/strong> yra ne tik smilkal\u0173 laikiklis \u2013 tai dvasinis \u012frankis, sukurtas papildyti j\u016bs\u0173 ritualus. D\u0117l \u0161varios baltos apdailos ir subtiliai i\u0161rai\u017eyto \u0161irdies \u010dakros simbolio ji suteikia j\u016bs\u0173 sakralinei erdvei ramyb\u0117s ir meil\u0117s poj\u016bt\u012f. Kompakti\u0161kas, bet tvirtas dizainas u\u017etikrina tvarking\u0105 smilkym\u0105, o minimalistinis stilius lengvai dera su bet kokiu interjeru.<\/p>\n<p><strong>Matmenys:<\/strong> Auk\u0161tis \u2013 2,5 cm, Plotis \u2013 11,5 cm, Gylis \u2013 11,5 cm.<\/p>\n<p><strong>Produkto svoris:<\/strong> 218 g.<\/p>\n<h2>Kaip naudoti smilkalin\u0119?<\/h2>\n<ol>\n<li><strong>Paruo\u0161kite erdv\u0119:<\/strong> Pad\u0117kite smilkalin\u0119 ant stabilaus, lygaus pavir\u0161iaus.<\/li>\n<li><strong>\u012estatykite smilkal\u0105:<\/strong> \u012ed\u0117kite smilkal\u0173 lazdel\u0119 \u012f centrin\u0119 ang\u0105.<\/li>\n<li><strong>U\u017edekite smilkal\u0105:<\/strong> U\u017edekite lazdel\u0117s galiuk\u0105 ir \u0161velniai u\u017ep\u016bskite liepsn\u0105, kad ji prad\u0117t\u0173 rusenti.<\/li>\n<li><strong>M\u0117gaukit\u0117s ritualu:<\/strong> Leiskite smilkalin\u0117s laikikliui surinkti pelenus, kol kvapas pripildys j\u016bs\u0173 erdv\u0119.<\/li>\n<li><strong>Lengva prie\u017ei\u016bra:<\/strong> Po naudojimo nuvalykite smilkalin\u0119 dr\u0117gna \u0161luoste, kad i\u0161laikytum\u0117te nepriekai\u0161ting\u0105 i\u0161vaizd\u0105.<\/li>\n<\/ol>\n<p>Derinkite smilkalin\u0119 su \u201eDivine Senses\u201c smilkalais ir sukurkite harmoning\u0105 jutimin\u0119 patirt\u012f.<\/p>\n<p>Praturtinkite savo dvasin\u0117s praktikos rinkin\u012f papildomais aromatais, tokiais kaip <a href=\"https:\/\/divine-senses.com\/collection\/luxury-incense\/incense-sticks-sandalwood\/\" target=\"_blank\"><strong>Smilkalai SANDALWOOD<\/strong><\/a> arba <a href=\"https:\/\/divine-senses.com\/collection\/luxury-incense\/incense-sticks-palo-santo-sage\/\" target=\"_blank\"><strong>PALO SANTO &#038; SAGE<\/strong><\/a>.<\/p>\n","protected":false},"excerpt":{"rendered":"<p>\u012evertinkite paprastumo gro\u017e\u012f su <strong>Balta smilkaline \u201eANAHATA\u201c<\/strong>. Sukurta su \u0161irdies \u010dakros simboliu, \u0161i rank\u0173 darbo keramin\u0117 smilkalin\u0117 sujungia funkcionalum\u0105 ir elegancij\u0105, tod\u0117l puikiai papildo j\u016bs\u0173 dvasines praktikas. Nesvarbu, ar naudojate j\u0105 meditacijai, atsipalaidavimui ar kasdieniams ritualams, jos nesenstantis dizainas sustiprina patirt\u012f ir palaiko j\u016bs\u0173 erdv\u0119 tvarking\u0105 bei harmoning\u0105.<\/p>\n","protected":false},"featured_media":1427,"comment_status":"open","ping_status":"closed","template":"","meta":{"_acf_changed":false},"product_brand":[],"product_cat":[39],"product_tag":[],"class_list":{"0":"post-1590","1":"product","2":"type-product","3":"status-publish","4":"has-post-thumbnail","6":"product_cat-smilkalines","8":"first","9":"instock","10":"shipping-taxable","11":"purchasable","12":"product-type-simple"},"acf":[],"aioseo_notices":[],"_links":{"self":[{"href":"https:\/\/divine-senses.com\/lt\/wp-json\/wp\/v2\/product\/1590","targetHints":{"allow":["GET"]}}],"collection":[{"href":"https:\/\/divine-senses.com\/lt\/wp-json\/wp\/v2\/product"}],"about":[{"href":"https:\/\/divine-senses.com\/lt\/wp-json\/wp\/v2\/types\/product"}],"replies":[{"embeddable":true,"href":"https:\/\/divine-senses.com\/lt\/wp-json\/wp\/v2\/comments?post=1590"}],"wp:featuredmedia":[{"embeddable":true,"href":"https:\/\/divine-senses.com\/lt\/wp-json\/wp\/v2\/media\/1427"}],"wp:attachment":[{"href":"https:\/\/divine-senses.com\/lt\/wp-json\/wp\/v2\/media?parent=1590"}],"wp:term":[{"taxonomy":"product_brand","embeddable":true,"href":"https:\/\/divine-senses.com\/lt\/wp-json\/wp\/v2\/product_brand?post=1590"},{"taxonomy":"product_cat","embeddable":true,"href":"https:\/\/divine-senses.com\/lt\/wp-json\/wp\/v2\/product_cat?post=1590"},{"taxonomy":"product_tag","embeddable":true,"href":"https:\/\/divine-senses.com\/lt\/wp-json\/wp\/v2\/product_tag?post=1590"}],"curies":[{"name":"wp","href":"https:\/\/api.w.org\/{rel}","templated":true}]}}