{"id":1591,"date":"2024-11-29T08:25:15","date_gmt":"2024-11-29T08:25:15","guid":{"rendered":"https:\/\/divine-senses.com\/collection\/be-kategorijos\/smilkalu-lazdeles-laikiklis-hand-of-hamsa\/"},"modified":"2026-04-28T15:03:19","modified_gmt":"2026-04-28T15:03:19","slug":"smilkaline-hand-of-hamsa","status":"publish","type":"product","link":"https:\/\/divine-senses.com\/lt\/kolekcija\/smilkalines\/smilkaline-hand-of-hamsa\/","title":{"rendered":"Smilkalin\u0117 HAND OF HAMSA"},"content":{"rendered":"<h2>Unikali Smilkalin\u0117s HAND OF HAMSA estetika<\/h2>\n<p><strong>Smilkalin\u0117 HAND OF HAMSA<\/strong> sujungia dvasin\u0119 prasm\u0119 su meniniu gro\u017eiu. Kruop\u0161\u010diai i\u0161rai\u017eytos detal\u0117s ir \u0161velni matin\u0117 apdaila simbolizuoja apsaug\u0105, pusiausvyr\u0105 ir palaiminimus. \u0160is laikiklis ne tik prakti\u0161kai prilaiko smilkal\u0173 lazdeles, bet ir suteikia rafinuotumo j\u016bs\u0173 altoriui, meditacijos kampeliui ar gyvenamajai erdvei.<\/p>\n<p><strong>Matmenys:<\/strong> Auk\u0161tis \u2013 2,5 cm, Plotis \u2013 12,5 cm, Gylis \u2013 12,5 cm.<\/p>\n<p><strong>Produkto svoris:<\/strong> 218 g.<\/p>\n<h2>Kaip naudoti Smilkalin\u0119?<\/h2>\n<ol>\n<li><strong>Paruo\u0161kite erdv\u0119:<\/strong> Pad\u0117kite smilkalin\u0119 ant lygaus, stabilaus pavir\u0161iaus.<\/li>\n<li><strong>\u012estatykite smilkal\u0105:<\/strong> \u012ed\u0117kite smilkal\u0173 lazdel\u0119 \u012f tam skirt\u0105 ang\u0105.<\/li>\n<li><strong>U\u017edekite smilkal\u0105:<\/strong> U\u017edekite lazdel\u0117s galiuk\u0105, tada \u0161velniai u\u017ep\u016bskite liepsn\u0105, kad ji prad\u0117t\u0173 rusenti.<\/li>\n<li><strong>M\u0117gaukit\u0117s ritualu:<\/strong> Leiskite kvapui u\u017epildyti erdv\u0119, o smilkalin\u0117 tvarkingai surinks pelenus.<\/li>\n<li><strong>Lengva prie\u017ei\u016bra:<\/strong> Nor\u0117dami palaikyti nepriekai\u0161ting\u0105 i\u0161vaizd\u0105, nuvalykite susikaupusius pelenus dr\u0117gna \u0161luoste.<\/li>\n<\/ol>\n<p>Derinkite \u0161i\u0105 smilkalin\u0119 su \u201eDivine Senses\u201c smilkalais ir sukurkite harmoning\u0105 jutimin\u0119 patirt\u012f.<\/p>\n<p>Praturtinkite savo dvasin\u0117s praktikos rinkin\u012f papildomais aksesuarais, tokiais kaip <a href=\"https:\/\/divine-senses.com\/lt\/kolekcija\/nisiniai-smilkalai\/smilkalai-magic-oud-spell\/\" target=\"_blank\" rel=\"noopener\"><strong>Smilkalai MAGIC OUD SPELL<\/strong><\/a> arba <a href=\"https:\/\/divine-senses.com\/lt\/kolekcija\/nisiniai-smilkalai\/smilkalai-agarwood\/\" target=\"_blank\" rel=\"noopener\"><strong>Smilkalai AGARWOOD<\/strong><\/a>.<\/p>\n","protected":false},"excerpt":{"rendered":"<p>\u012ene\u0161kite harmonij\u0105 ir elegancij\u0105 \u012f savo sakralin\u0119 erdv\u0119 su <strong>Smilkaline HAND OF HAMSA<\/strong>. \u0160is rank\u0173 darbo keraminis laikiklis, \u012fkv\u0117ptas senovinio apsaugos simbolio, ne tik saugiai laiko smilkalus, bet ir surenka pelenus, tod\u0117l yra funkcionalus ir dvasinis j\u016bs\u0173 ritual\u0173 papildymas.<\/p>\n","protected":false},"featured_media":1431,"comment_status":"open","ping_status":"closed","template":"","meta":{"_acf_changed":false},"product_brand":[],"product_cat":[39],"product_tag":[],"class_list":{"0":"post-1591","1":"product","2":"type-product","3":"status-publish","4":"has-post-thumbnail","6":"product_cat-smilkalines","8":"first","9":"instock","10":"shipping-taxable","11":"purchasable","12":"product-type-simple"},"acf":[],"aioseo_notices":[],"_links":{"self":[{"href":"https:\/\/divine-senses.com\/lt\/wp-json\/wp\/v2\/product\/1591","targetHints":{"allow":["GET"]}}],"collection":[{"href":"https:\/\/divine-senses.com\/lt\/wp-json\/wp\/v2\/product"}],"about":[{"href":"https:\/\/divine-senses.com\/lt\/wp-json\/wp\/v2\/types\/product"}],"replies":[{"embeddable":true,"href":"https:\/\/divine-senses.com\/lt\/wp-json\/wp\/v2\/comments?post=1591"}],"wp:featuredmedia":[{"embeddable":true,"href":"https:\/\/divine-senses.com\/lt\/wp-json\/wp\/v2\/media\/1431"}],"wp:attachment":[{"href":"https:\/\/divine-senses.com\/lt\/wp-json\/wp\/v2\/media?parent=1591"}],"wp:term":[{"taxonomy":"product_brand","embeddable":true,"href":"https:\/\/divine-senses.com\/lt\/wp-json\/wp\/v2\/product_brand?post=1591"},{"taxonomy":"product_cat","embeddable":true,"href":"https:\/\/divine-senses.com\/lt\/wp-json\/wp\/v2\/product_cat?post=1591"},{"taxonomy":"product_tag","embeddable":true,"href":"https:\/\/divine-senses.com\/lt\/wp-json\/wp\/v2\/product_tag?post=1591"}],"curies":[{"name":"wp","href":"https:\/\/api.w.org\/{rel}","templated":true}]}}