{"id":1592,"date":"2024-11-29T08:10:12","date_gmt":"2024-11-29T08:10:12","guid":{"rendered":"https:\/\/divine-senses.com\/collection\/be-kategorijos\/smilkalu-lazdeles-agarwood-intense\/"},"modified":"2025-03-05T13:50:03","modified_gmt":"2025-03-05T13:50:03","slug":"smilkalai-agarwood-intense","status":"publish","type":"product","link":"https:\/\/divine-senses.com\/lt\/kolekcija\/nisiniai-smilkalai\/smilkalai-agarwood-intense\/","title":{"rendered":"Smilkalai AGARWOOD INTENSE"},"content":{"rendered":"<h2>Koks yra Agarwood Intense aromatas?<\/h2>\n<p>\u012esivaizduokite sodr\u0173, pikanti\u0161k\u0105 gilaus Oudo kvap\u0105, papildyt\u0105 subtiliomis cinamono, karamelizuot\u0173 obuoli\u0173 ir kremin\u0117s vanil\u0117s natomis. \u0160is galingas, ta\u010diau harmoningai subalansuotas aromatas spinduliuoja \u0161ilum\u0105 ir prabang\u0105, apgaubdamas j\u016bs\u0173 erdv\u0119 ramyb\u0117s kokonu. Tai kvapas, kuris alsuoja rafinuotumu ir tuo pa\u010diu padeda \u012fsi\u017eeminti \u2013 puikiai tinkantis tiek jaukioms akimirkoms, tiek bendravimui su artimaisiais.<\/p>\n<h2>Meistri\u0161kumas ir auk\u0161\u010diausios kokyb\u0117s ingredientai<\/h2>\n<p>Kiekviena <strong>Agarwood Intense smilkal\u0173 lazdel\u0117<\/strong> pagaminta i\u0161 auk\u0161\u010diausios kokyb\u0117s nat\u016brali\u0173 ingredient\u0173, toki\u0173 kaip prabangus agarmedis (oudas), nat\u016bralus cinamonas ir vanil\u0117, botaniniai bei eteriniai aliejai. M\u016bs\u0173 smilkalai sukurti i\u0161laikant grynum\u0105, prabang\u0105 ir tradicijas. Auk\u0161\u010diausios klas\u0117s oudo ir nat\u016brali\u0173 aliej\u0173 \u012ftraukimas sukuria gilesn\u012f, i\u0161grynint\u0105 aromat\u0105, kuris ilgai i\u0161lieka.<\/p>\n<p>Kiekviena lazdel\u0117 yra rankomis sukama pagal tradicines vedines technikas ir nat\u016braliai d\u017eiovinama saul\u0117s \u0161ilumoje. \u0160is procesas u\u017etikrina, kad smilkalai b\u016bt\u0173 pripildyti energijos ir meil\u0117s, atspind\u0117dami \u201eDivine Senses\u201c pagrindines vertybes. Skirtingai nei \u012fprasti smilkalai, m\u016bs\u0173 produktai neturi sintetini\u0173 pried\u0173, tod\u0117l suteikia tikr\u0105, nat\u016brali\u0105 patirt\u012f.<\/p>\n<p><strong>Smilkal\u0173 kiekis:<\/strong> 15 gram\u0173 yra ma\u017edaug 12 smilkal\u0173<\/p>\n","protected":false},"excerpt":{"rendered":"<p>Pakyl\u0117kite savo poj\u016b\u010dius su prabangiu <strong>Agarwood Intense smilkal\u0173<\/strong> aromatu. Precizi\u0161kai rankomis gaminti, \u0161ie smilkalai suteikia sodresn\u012f, gilesn\u012f kvap\u0105, paver\u010diant\u012f j\u016bs\u0173 aplink\u0105 jaukia ramyb\u0117s oaze. Puikiai tinka meditacijai, energetiniam apsivalymui ar tiesiog akimirkoms, kai norite skirti laiko sau.<\/p>\n","protected":false},"featured_media":1417,"comment_status":"open","ping_status":"closed","template":"","meta":{"_acf_changed":false},"product_brand":[],"product_cat":[40],"product_tag":[],"class_list":{"0":"post-1592","1":"product","2":"type-product","3":"status-publish","4":"has-post-thumbnail","6":"product_cat-nisiniai-smilkalai","8":"first","9":"instock","10":"shipping-taxable","11":"purchasable","12":"product-type-simple"},"acf":[],"aioseo_notices":[],"_links":{"self":[{"href":"https:\/\/divine-senses.com\/lt\/wp-json\/wp\/v2\/product\/1592","targetHints":{"allow":["GET"]}}],"collection":[{"href":"https:\/\/divine-senses.com\/lt\/wp-json\/wp\/v2\/product"}],"about":[{"href":"https:\/\/divine-senses.com\/lt\/wp-json\/wp\/v2\/types\/product"}],"replies":[{"embeddable":true,"href":"https:\/\/divine-senses.com\/lt\/wp-json\/wp\/v2\/comments?post=1592"}],"wp:featuredmedia":[{"embeddable":true,"href":"https:\/\/divine-senses.com\/lt\/wp-json\/wp\/v2\/media\/1417"}],"wp:attachment":[{"href":"https:\/\/divine-senses.com\/lt\/wp-json\/wp\/v2\/media?parent=1592"}],"wp:term":[{"taxonomy":"product_brand","embeddable":true,"href":"https:\/\/divine-senses.com\/lt\/wp-json\/wp\/v2\/product_brand?post=1592"},{"taxonomy":"product_cat","embeddable":true,"href":"https:\/\/divine-senses.com\/lt\/wp-json\/wp\/v2\/product_cat?post=1592"},{"taxonomy":"product_tag","embeddable":true,"href":"https:\/\/divine-senses.com\/lt\/wp-json\/wp\/v2\/product_tag?post=1592"}],"curies":[{"name":"wp","href":"https:\/\/api.w.org\/{rel}","templated":true}]}}