{"id":1593,"date":"2024-11-29T08:11:06","date_gmt":"2024-11-29T08:11:06","guid":{"rendered":"https:\/\/divine-senses.com\/collection\/be-kategorijos\/smilkalu-lazdeles-agarwood\/"},"modified":"2026-04-28T15:03:19","modified_gmt":"2026-04-28T15:03:19","slug":"smilkalai-agarwood","status":"publish","type":"product","link":"https:\/\/divine-senses.com\/lt\/kolekcija\/nisiniai-smilkalai\/smilkalai-agarwood\/","title":{"rendered":"Smilkalai AGARWOOD"},"content":{"rendered":"<h2>Koks yra Agarwood aromatas?<\/h2>\n<p><strong>Agarwood smilkalai<\/strong> sujungia gyl\u012f ir lengvum\u0105. J\u0173 sodrus, medienos pagrindas turi subtilaus saldumo, deran\u010dio su \u017eemi\u0161kais ir lengvai kamparo primenan\u010diais atspalviais. Tai aromatas, kuris spinduliuoja prabang\u0105 ir \u0161ilum\u0105, puikiai tinkantis jaukiai atmosferai tiek namuose, tiek darbo aplinkoje. \u012esivaizduokite ram\u0173 pasivaik\u0161\u010diojim\u0105 mi\u0161ke, kur jus supa sen\u0173 med\u017ei\u0173 \u012f\u017eeminanti energija \u2013 tai nepakartojama poj\u016b\u010di\u0173 patirtis.<\/p>\n<h2>Meistri\u0161kumas ir auk\u0161\u010diausios kokyb\u0117s ingredientai<\/h2>\n<p><strong>Agarwood smilkalai<\/strong> yra kruop\u0161\u010diai rankomis gaminami Indijoje, naudojant nat\u016bral\u0173 bambuko pagaliuk\u0105, aromatinius sakus, angl\u012f, tyrus agarmed\u017eio miltelius, botanikos ir eterinius aliejus. Visi \u0161ie ingredientai parinkti taip, kad u\u017etikrint\u0173 \u0161var\u0173 ir tolyg\u0173 degim\u0105 bei ilgai i\u0161liekant\u012f autenti\u0161k\u0105 kvap\u0105.<\/p>\n<p>Kiekviena lazdel\u0117 yra rankomis sukama pagal tradicines vedines technikas ir nat\u016braliai d\u017eiovinama saul\u0117s \u0161ilumoje. \u0160is procesas ne tik sustiprina aromato intensyvum\u0105, bet ir u\u017etikrina, kad smilkalai alsuot\u0173 energija ir meile \u2013 atspind\u0117dami \u201eDivine Senses\u201c vertybes. Skirtingai nei \u012fprasti smilkalai, m\u016bs\u0173 produktai neturi sintetini\u0173 pried\u0173, tod\u0117l suteikia tikr\u0105, nat\u016brali\u0105 patirt\u012f.<\/p>\n<p><strong>Smilkal\u0173 kiekis:<\/strong> i\u0161 viso 10 g. Kadangi kiekviena smilkal\u0173 lazdel\u0117 yra rank\u0173 darbo ir gali skirtis svoriu, pakuot\u0117je yra apie 7\u201311 lazdeli\u0173.<\/p>\n","protected":false},"excerpt":{"rendered":"<p>Praturtinkite savo erdv\u0119 sodriu, medienos kupinu <strong>Agarwood smilkal\u0173<\/strong> aromatu \u2013 prabangiu mi\u0161iniu, sukurtu sukurti ramyb\u0117s ir jaukumo atmosfer\u0105. Rankomis gaminami pagal tradicines vedines technikas ir i\u0161 auk\u0161\u010diausios kokyb\u0117s nat\u016brali\u0173 ingredient\u0173, \u0161ie smilkalai puikiai tinka meditacijai, atsipalaidavimui ar tiesiog kasdien\u0117s akimirkos praturtinimui.<\/p>\n","protected":false},"featured_media":1418,"comment_status":"open","ping_status":"closed","template":"","meta":{"_acf_changed":false},"product_brand":[],"product_cat":[40],"product_tag":[],"class_list":{"0":"post-1593","1":"product","2":"type-product","3":"status-publish","4":"has-post-thumbnail","6":"product_cat-nisiniai-smilkalai","8":"first","9":"instock","10":"shipping-taxable","11":"purchasable","12":"product-type-simple"},"acf":[],"aioseo_notices":[],"_links":{"self":[{"href":"https:\/\/divine-senses.com\/lt\/wp-json\/wp\/v2\/product\/1593","targetHints":{"allow":["GET"]}}],"collection":[{"href":"https:\/\/divine-senses.com\/lt\/wp-json\/wp\/v2\/product"}],"about":[{"href":"https:\/\/divine-senses.com\/lt\/wp-json\/wp\/v2\/types\/product"}],"replies":[{"embeddable":true,"href":"https:\/\/divine-senses.com\/lt\/wp-json\/wp\/v2\/comments?post=1593"}],"wp:featuredmedia":[{"embeddable":true,"href":"https:\/\/divine-senses.com\/lt\/wp-json\/wp\/v2\/media\/1418"}],"wp:attachment":[{"href":"https:\/\/divine-senses.com\/lt\/wp-json\/wp\/v2\/media?parent=1593"}],"wp:term":[{"taxonomy":"product_brand","embeddable":true,"href":"https:\/\/divine-senses.com\/lt\/wp-json\/wp\/v2\/product_brand?post=1593"},{"taxonomy":"product_cat","embeddable":true,"href":"https:\/\/divine-senses.com\/lt\/wp-json\/wp\/v2\/product_cat?post=1593"},{"taxonomy":"product_tag","embeddable":true,"href":"https:\/\/divine-senses.com\/lt\/wp-json\/wp\/v2\/product_tag?post=1593"}],"curies":[{"name":"wp","href":"https:\/\/api.w.org\/{rel}","templated":true}]}}