{"id":1594,"date":"2024-11-29T08:11:44","date_gmt":"2024-11-29T08:11:44","guid":{"rendered":"https:\/\/divine-senses.com\/collection\/be-kategorijos\/smilkalu-lazdeles-sandalwood\/"},"modified":"2025-09-24T13:20:38","modified_gmt":"2025-09-24T13:20:38","slug":"smilkalai-sandalwood","status":"publish","type":"product","link":"https:\/\/divine-senses.com\/lt\/kolekcija\/nisiniai-smilkalai\/smilkalai-sandalwood\/","title":{"rendered":"Smilkalai SANDALWOOD"},"content":{"rendered":"<h2>Koks yra Sandalwood aromatas?<\/h2>\n<p>\u012esivaizduokite \u0161ilt\u0105, medienos kvap\u0105 su kremin\u0117mis, balzamin\u0117mis natomis. U\u017edegus lazdel\u0119, atsiskleid\u017eia subtilus kontrastas tarp sodrios, saldintos medienos ir lengv\u0173 vanil\u0117s atspalvi\u0173. Tai kvapas, kuris kvie\u010dia susikaupti ir nurimti, primindamas apie \u0161ventoves ir saul\u0117s nutviekstus mi\u0161kus.<\/p>\n<h2>Rank\u0173 darbo tobulumas<\/h2>\n<p>M\u016bs\u0173 <strong>Sandalwood smilkalai<\/strong> gaminami Indijoje pagal ret\u0105 vedin\u0119 technik\u0105, derinant nat\u016bral\u0173 bambuk\u0105, sandalmed\u017eio miltelius, botaninius ekstraktus su auk\u0161\u010diausios kokyb\u0117s eteriniais ir absoliutiniais aliejais. Kiekviena lazdel\u0117 d\u017eiovinama saul\u0117je, tod\u0117l jos prisipildo nat\u016bralios \u0161viesos \u0161ilumos ir energijos. \u0160is unikalus gamybos procesas ne tik sustiprina aromat\u0105, bet ir atitinka \u201eDivine Senses\u201c filosofij\u0105 \u2013 meil\u0119, pusiausvyr\u0105 ir harmonij\u0105.<\/p>\n<p>Skirtingai nei \u012fprasti smilkalai, kuriuose naudojami sintetiniai priedai, m\u016bs\u0173 lazdel\u0117s yra be kenksming\u0173 chemini\u0173 med\u017eiag\u0173 ir sunki\u0173j\u0173 anglies jungini\u0173. Tai u\u017etikrina \u0161var\u0173 degim\u0105, kuris trunka apie 45 minutes, nepaliekant stipraus dirbtinio kvapo. Nat\u016bralus aliej\u0173 mi\u0161inys suteikia ilgai i\u0161liekant\u012f, autenti\u0161k\u0105 aromat\u0105.<\/p>\n<p><strong>Smilkal\u0173 kiekis:<\/strong> 15 gram\u0173 yra ma\u017edaug 12 smilkal\u0173<\/p>\n","protected":false},"excerpt":{"rendered":"<p>Patirkite siel\u0105 raminan\u010di\u0105 <strong>Sandalwood smilkal\u0173<\/strong> gali\u0105 \u2013 meistri\u0161kai rankomis pagaminti i\u0161 nat\u016brali\u0173 ingredient\u0173. U\u017edekite vien\u0105 lazdel\u0119 ir leiskite \u0161iltam, kreminiam aromatui apgaubti j\u016bs\u0173 erdv\u0119, sukuriant ramyb\u0117s ir harmonijos oaz\u0119. Nesvarbu, ar medituojate, praktikuojate jog\u0105, ar tiesiog atsipalaiduojate, tai j\u016bs\u0173 vartai \u012f tyr\u0105 palaim\u0105.<\/p>\n","protected":false},"featured_media":1419,"comment_status":"open","ping_status":"closed","template":"","meta":{"_acf_changed":false},"product_brand":[],"product_cat":[40],"product_tag":[],"class_list":{"0":"post-1594","1":"product","2":"type-product","3":"status-publish","4":"has-post-thumbnail","6":"product_cat-nisiniai-smilkalai","8":"first","9":"instock","10":"shipping-taxable","11":"purchasable","12":"product-type-simple"},"acf":[],"aioseo_notices":[],"_links":{"self":[{"href":"https:\/\/divine-senses.com\/lt\/wp-json\/wp\/v2\/product\/1594","targetHints":{"allow":["GET"]}}],"collection":[{"href":"https:\/\/divine-senses.com\/lt\/wp-json\/wp\/v2\/product"}],"about":[{"href":"https:\/\/divine-senses.com\/lt\/wp-json\/wp\/v2\/types\/product"}],"replies":[{"embeddable":true,"href":"https:\/\/divine-senses.com\/lt\/wp-json\/wp\/v2\/comments?post=1594"}],"wp:featuredmedia":[{"embeddable":true,"href":"https:\/\/divine-senses.com\/lt\/wp-json\/wp\/v2\/media\/1419"}],"wp:attachment":[{"href":"https:\/\/divine-senses.com\/lt\/wp-json\/wp\/v2\/media?parent=1594"}],"wp:term":[{"taxonomy":"product_brand","embeddable":true,"href":"https:\/\/divine-senses.com\/lt\/wp-json\/wp\/v2\/product_brand?post=1594"},{"taxonomy":"product_cat","embeddable":true,"href":"https:\/\/divine-senses.com\/lt\/wp-json\/wp\/v2\/product_cat?post=1594"},{"taxonomy":"product_tag","embeddable":true,"href":"https:\/\/divine-senses.com\/lt\/wp-json\/wp\/v2\/product_tag?post=1594"}],"curies":[{"name":"wp","href":"https:\/\/api.w.org\/{rel}","templated":true}]}}