{"id":1595,"date":"2024-11-26T08:34:09","date_gmt":"2024-11-26T08:34:09","guid":{"rendered":"https:\/\/divine-senses.com\/collection\/be-kategorijos\/smilkalu-lazdeles-infinity\/"},"modified":"2025-02-04T09:11:05","modified_gmt":"2025-02-04T09:11:05","slug":"smilkalai-infinity","status":"publish","type":"product","link":"https:\/\/divine-senses.com\/lt\/kolekcija\/nisiniai-smilkalai\/smilkalai-infinity\/","title":{"rendered":"Smilkalai INFINITY"},"content":{"rendered":"<h2>Koks yra Infinity aromatas?<\/h2>\n<p><strong>Infinity smilkal\u0173<\/strong> kvapas yra tikra kosmin\u0117 harmonija. Jis prasideda raminan\u010diu sandalmed\u017eio \u0161iltumu, kur\u012f sustiprina didinga baltosios oudo gelm\u0117 ir muskuso jausmingumas. Subtilios \u0161afrano, kamparo ir vanil\u0117s natos suteikia i\u0161grynint\u0105 saldum\u0105, sukurdamos kvap\u0105, kuris yra ir am\u017einas, ir transcendentinis. \u012esivaizduokite ramyb\u0119 po \u017evaig\u017ed\u0117tu dangumi, persipynusi\u0105 su senovinio \u0161ventyklos paslaptingumu \u2013 \u0161is kvapas kvie\u010dia jus keliauti vidun ir priimti begalyb\u0119.<\/p>\n<h2>Rank\u0173 darbo tobulumas<\/h2>\n<p>M\u016bs\u0173 <strong>Infinity smilkalai<\/strong> yra kruop\u0161\u010diai rankomis gaminami Indijoje, sujungiant tradicij\u0105 ir meistri\u0161kum\u0105. Atsakingai atrinkti nat\u016bral\u016bs ingredientai suteikia gryn\u0105 ir ilgai i\u0161liekant\u012f aromat\u0105.<\/p>\n<p>Pagrindiniai ingredientai:<\/p>\n<ul>\n<li>Nat\u016bralus bambuko pagaliukas<\/li>\n<li>Tyras sandalmed\u017eio milteliai<\/li>\n<li>Baltoji oudo ir muskuso esencija<\/li>\n<li>\u0160afrano ir vanil\u0117s ekstraktai<\/li>\n<li>Botaniniai aliejai ir sakai<\/li>\n<\/ul>\n<p>Skirtingai nei \u012fprasti smilkalai su sintetiniais priedais, m\u016bs\u0173 gaminiai yra be kenksming\u0173 chemini\u0173 med\u017eiag\u0173 ar sunki\u0173j\u0173 anglies jungini\u0173. Tai u\u017etikrina \u0161var\u0173 degim\u0105, kuris trunka apie 45 minutes, nepaliekant stipraus dirbtinio kvapo.<\/p>\n<p><strong>Smilkal\u0173 kiekis:<\/strong> 15 gram\u0173 yra ma\u017edaug 12 smilkal\u0173<\/p>\n","protected":false},"excerpt":{"rendered":"<p>Atraskite prabang\u0173 ir transformuojant\u012f <strong>Infinity smilkal\u0173<\/strong> aromat\u0105 \u2013 unikal\u0173 sandalmed\u017eio, baltosios oudo ir muskuso derin\u012f, praturtint\u0105 \u0161afrano, vanil\u0117s ir kamparo natomis. \u0160is rank\u0173 darbo smilkalas \u012fk\u016bnija Ryt\u0173 tradicij\u0173 paslapt\u012f ir viliones, suteikdamas j\u016bs\u0173 erdvei ramyb\u0119 ir am\u017eino ry\u0161io poj\u016bt\u012f.<\/p>\n","protected":false},"featured_media":1403,"comment_status":"open","ping_status":"closed","template":"","meta":{"_acf_changed":false},"product_brand":[],"product_cat":[40],"product_tag":[],"class_list":{"0":"post-1595","1":"product","2":"type-product","3":"status-publish","4":"has-post-thumbnail","6":"product_cat-nisiniai-smilkalai","8":"first","9":"instock","10":"shipping-taxable","11":"purchasable","12":"product-type-simple"},"acf":[],"aioseo_notices":[],"_links":{"self":[{"href":"https:\/\/divine-senses.com\/lt\/wp-json\/wp\/v2\/product\/1595","targetHints":{"allow":["GET"]}}],"collection":[{"href":"https:\/\/divine-senses.com\/lt\/wp-json\/wp\/v2\/product"}],"about":[{"href":"https:\/\/divine-senses.com\/lt\/wp-json\/wp\/v2\/types\/product"}],"replies":[{"embeddable":true,"href":"https:\/\/divine-senses.com\/lt\/wp-json\/wp\/v2\/comments?post=1595"}],"wp:featuredmedia":[{"embeddable":true,"href":"https:\/\/divine-senses.com\/lt\/wp-json\/wp\/v2\/media\/1403"}],"wp:attachment":[{"href":"https:\/\/divine-senses.com\/lt\/wp-json\/wp\/v2\/media?parent=1595"}],"wp:term":[{"taxonomy":"product_brand","embeddable":true,"href":"https:\/\/divine-senses.com\/lt\/wp-json\/wp\/v2\/product_brand?post=1595"},{"taxonomy":"product_cat","embeddable":true,"href":"https:\/\/divine-senses.com\/lt\/wp-json\/wp\/v2\/product_cat?post=1595"},{"taxonomy":"product_tag","embeddable":true,"href":"https:\/\/divine-senses.com\/lt\/wp-json\/wp\/v2\/product_tag?post=1595"}],"curies":[{"name":"wp","href":"https:\/\/api.w.org\/{rel}","templated":true}]}}