{"id":1596,"date":"2024-11-26T08:36:51","date_gmt":"2024-11-26T08:36:51","guid":{"rendered":"https:\/\/divine-senses.com\/collection\/be-kategorijos\/smilkalu-lazdeles-oud-safi\/"},"modified":"2026-04-28T15:03:20","modified_gmt":"2026-04-28T15:03:20","slug":"smilkalai-oud-safi","status":"publish","type":"product","link":"https:\/\/divine-senses.com\/lt\/kolekcija\/nisiniai-smilkalai\/smilkalai-oud-safi\/","title":{"rendered":"Smilkalai OUD SAFI"},"content":{"rendered":"<h2>Koks yra Oud Safi aromatas?<\/h2>\n<p>\u012esivaizduokite \u012f\u017eengiant \u012f prabang\u0173 poilsio salon\u0105, kur\u012f puo\u0161ia sodrios medienos akcentai ir aksomin\u0117s tekst\u016bros. <strong>Oud Safi<\/strong> kvapas atspindi \u0161i\u0105 patirt\u012f \u2013 prad\u017eioje atsiskleid\u017eia pikanti\u0161kas, dr\u0105sus aromatas, pereinantis \u012f sodrias odos, medienos ir kamparo natas. Smilkstant kvapas palaipsniui vystosi, atskleisdamas subtilius skrudintos karamel\u0117s ir saldaus \u0161okolado sluoksnius. \u0160is i\u0161skirtinis derinys sukuria tiek ry\u0161k\u0173, tiek jauk\u0173 kvap\u0105.<\/p>\n<h2>Rank\u0173 darbo tobulumas<\/h2>\n<p>Kiekviena <strong>Oud Safi smilkal\u0173 lazdel\u0117<\/strong> yra meistri\u0161kai gaminama Indijoje, siekiant i\u0161saugoti tradicij\u0173 vertybes ir auk\u0161\u010diausi\u0105 kokyb\u0119.<\/p>\n<p>Pagrindiniai ingredientai:<\/p>\n<ul>\n<li>Nat\u016bralus bambuko pagaliukas<\/li>\n<li>Auk\u0161\u010diausios kokyb\u0117s oudo sakai<\/li>\n<li>Karamel\u0117s ir saldaus \u0161okolado milteliai<\/li>\n<li>Botaniniai ir eteriniai aliejai<\/li>\n<\/ul>\n<p>Skirtingai nei \u012fprasti smilkalai su sintetiniais priedais, m\u016bs\u0173 gaminiai yra be kenksming\u0173 chemini\u0173 med\u017eiag\u0173 ar sunki\u0173j\u0173 anglies jungini\u0173. Tai u\u017etikrina \u0161var\u0173 degim\u0105, kuris trunka apie 45 minutes, nepaliekant stipraus dirbtinio kvapo.<\/p>\n<p><strong>Smilkal\u0173 kiekis:<\/strong> i\u0161 viso 10 g. Kadangi kiekviena smilkal\u0173 lazdel\u0117 yra rank\u0173 darbo ir gali skirtis svoriu, pakuot\u0117je yra apie 7\u201311 lazdeli\u0173.<\/p>\n","protected":false},"excerpt":{"rendered":"<p>Pasinerkite \u012f rafinuot\u0105 <strong>Oud Safi smilkal\u0173<\/strong> aromat\u0105 \u2013 sodr\u0173 ir jausming\u0105 oud, skrudintos karamel\u0117s bei saldaus \u0161okolado derin\u012f. Puikiai tinka meditacijai, atsipalaidavimui ar prabangios atmosferos k\u016brimui, \u0161is rank\u0173 darbo smilkalas \u012fk\u016bnija elegancij\u0105 ir ramyb\u0119.<\/p>\n","protected":false},"featured_media":1404,"comment_status":"open","ping_status":"closed","template":"","meta":{"_acf_changed":false},"product_brand":[],"product_cat":[40],"product_tag":[],"class_list":{"0":"post-1596","1":"product","2":"type-product","3":"status-publish","4":"has-post-thumbnail","6":"product_cat-nisiniai-smilkalai","8":"first","9":"instock","10":"shipping-taxable","11":"purchasable","12":"product-type-simple"},"acf":[],"aioseo_notices":[],"_links":{"self":[{"href":"https:\/\/divine-senses.com\/lt\/wp-json\/wp\/v2\/product\/1596","targetHints":{"allow":["GET"]}}],"collection":[{"href":"https:\/\/divine-senses.com\/lt\/wp-json\/wp\/v2\/product"}],"about":[{"href":"https:\/\/divine-senses.com\/lt\/wp-json\/wp\/v2\/types\/product"}],"replies":[{"embeddable":true,"href":"https:\/\/divine-senses.com\/lt\/wp-json\/wp\/v2\/comments?post=1596"}],"wp:featuredmedia":[{"embeddable":true,"href":"https:\/\/divine-senses.com\/lt\/wp-json\/wp\/v2\/media\/1404"}],"wp:attachment":[{"href":"https:\/\/divine-senses.com\/lt\/wp-json\/wp\/v2\/media?parent=1596"}],"wp:term":[{"taxonomy":"product_brand","embeddable":true,"href":"https:\/\/divine-senses.com\/lt\/wp-json\/wp\/v2\/product_brand?post=1596"},{"taxonomy":"product_cat","embeddable":true,"href":"https:\/\/divine-senses.com\/lt\/wp-json\/wp\/v2\/product_cat?post=1596"},{"taxonomy":"product_tag","embeddable":true,"href":"https:\/\/divine-senses.com\/lt\/wp-json\/wp\/v2\/product_tag?post=1596"}],"curies":[{"name":"wp","href":"https:\/\/api.w.org\/{rel}","templated":true}]}}