{"id":1597,"date":"2024-11-29T08:02:50","date_gmt":"2024-11-29T08:02:50","guid":{"rendered":"https:\/\/divine-senses.com\/collection\/be-kategorijos\/smilkalu-lazdeles-bulgarian-rose\/"},"modified":"2025-02-04T09:10:40","modified_gmt":"2025-02-04T09:10:40","slug":"smilkalai-bulgarian-rose","status":"publish","type":"product","link":"https:\/\/divine-senses.com\/lt\/kolekcija\/nisiniai-smilkalai\/smilkalai-bulgarian-rose\/","title":{"rendered":"Smilkalai BULGARIAN ROSE"},"content":{"rendered":"<h2>Koks yra Bulgarian Rose aromatas?<\/h2>\n<p>\u012esivaizduokite save stovint\u012f ve\u0161liame sode ankstyv\u0105 ryt\u0105, apsupt\u0105 \u017eydin\u010di\u0173 Bulgari\u0161k\u0173 ro\u017ei\u0173 gro\u017eio. \u0160ie smilkalai perteikia svaiginant\u012f, sald\u0173 ir kerint\u012f \u0161vie\u017ei\u0173 ro\u017ei\u0173 \u017eiedlapi\u0173 aromat\u0105, kuris skatina meil\u0117s, jausmingumo ir moteri\u0161kumo poj\u016b\u010dius. Degant kvapas tampa vis sodresnis, sukuriant rami\u0105, bet pakyl\u0117jan\u010di\u0105 atmosfer\u0105, idealiai tinkan\u010di\u0105 atsipalaidavimui ir apm\u0105stymams.<\/p>\n<h2>Rank\u0173 darbo tobulumas<\/h2>\n<p>M\u016bs\u0173 <strong>Bulgarian Rose smilkalai<\/strong> kruop\u0161\u010diai gaminami Indijoje i\u0161 nat\u016brali\u0173 ingredient\u0173, siekiant u\u017etikrinti tyr\u0105 ir ilgai i\u0161liekant\u012f aromat\u0105.<\/p>\n<p>Pagrindiniai ingredientai:<\/p>\n<ul>\n<li>Nat\u016bralus bambuko pagaliukas<\/li>\n<li>Ro\u017ei\u0173 \u017eiedlapi\u0173 ekstraktas<\/li>\n<li>Aromatiniai sakai ir nat\u016brali anglis<\/li>\n<li>Eteriniai ir botaniniai aliejai<\/li>\n<\/ul>\n<p>Skirtingai nei \u012fprasti smilkalai su sintetiniais priedais, m\u016bs\u0173 gaminiai yra be kenksming\u0173 chemini\u0173 med\u017eiag\u0173 ar sunki\u0173j\u0173 anglies jungini\u0173. Tai u\u017etikrina \u0161var\u0173 degim\u0105, kuris trunka apie 45 minutes, nepaliekant stipraus dirbtinio kvapo.<\/p>\n<p><strong>Smilkal\u0173 kiekis:<\/strong> 15 gram\u0173 yra ma\u017edaug 12 smilkal\u0173<\/p>\n","protected":false},"excerpt":{"rendered":"<p>Pasinerkite \u012f u\u017eburiant\u012f <strong>Bulgarian Rose smilkal\u0173<\/strong> aromat\u0105 \u2013 prabang\u0173 mi\u0161in\u012f, sukurt\u0105 puosel\u0117ti vidin\u0119 meil\u0119, jausmingum\u0105 ir vidin\u0119 stipryb\u0119. Rankomis gaminti i\u0161 nat\u016brali\u0173 ingredient\u0173, \u0161ie smilkalai puikiai tinka meditacijai, atsipalaidavimui ar elegancijos suteikimui j\u016bs\u0173 erdvei.<\/p>\n","protected":false},"featured_media":1406,"comment_status":"open","ping_status":"closed","template":"","meta":{"_acf_changed":false},"product_brand":[],"product_cat":[40],"product_tag":[],"class_list":{"0":"post-1597","1":"product","2":"type-product","3":"status-publish","4":"has-post-thumbnail","6":"product_cat-nisiniai-smilkalai","8":"first","9":"instock","10":"shipping-taxable","11":"purchasable","12":"product-type-simple"},"acf":[],"aioseo_notices":[],"_links":{"self":[{"href":"https:\/\/divine-senses.com\/lt\/wp-json\/wp\/v2\/product\/1597","targetHints":{"allow":["GET"]}}],"collection":[{"href":"https:\/\/divine-senses.com\/lt\/wp-json\/wp\/v2\/product"}],"about":[{"href":"https:\/\/divine-senses.com\/lt\/wp-json\/wp\/v2\/types\/product"}],"replies":[{"embeddable":true,"href":"https:\/\/divine-senses.com\/lt\/wp-json\/wp\/v2\/comments?post=1597"}],"wp:featuredmedia":[{"embeddable":true,"href":"https:\/\/divine-senses.com\/lt\/wp-json\/wp\/v2\/media\/1406"}],"wp:attachment":[{"href":"https:\/\/divine-senses.com\/lt\/wp-json\/wp\/v2\/media?parent=1597"}],"wp:term":[{"taxonomy":"product_brand","embeddable":true,"href":"https:\/\/divine-senses.com\/lt\/wp-json\/wp\/v2\/product_brand?post=1597"},{"taxonomy":"product_cat","embeddable":true,"href":"https:\/\/divine-senses.com\/lt\/wp-json\/wp\/v2\/product_cat?post=1597"},{"taxonomy":"product_tag","embeddable":true,"href":"https:\/\/divine-senses.com\/lt\/wp-json\/wp\/v2\/product_tag?post=1597"}],"curies":[{"name":"wp","href":"https:\/\/api.w.org\/{rel}","templated":true}]}}