{"id":1598,"date":"2024-11-29T08:04:34","date_gmt":"2024-11-29T08:04:34","guid":{"rendered":"https:\/\/divine-senses.com\/collection\/be-kategorijos\/smilkalu-lazdeles-oud-noir\/"},"modified":"2026-04-28T15:03:20","modified_gmt":"2026-04-28T15:03:20","slug":"smilkalai-oud-noir","status":"publish","type":"product","link":"https:\/\/divine-senses.com\/lt\/kolekcija\/nisiniai-smilkalai\/smilkalai-oud-noir\/","title":{"rendered":"Smilkalai OUD NOIR"},"content":{"rendered":"<h2>Koks yra Oud Noir aromatas?<\/h2>\n<p>\u012esivaizduokite ram\u0173, m\u0117nesienos ap\u0161viest\u0105 mi\u0161k\u0105 \u2013 gil\u0173, medienos kupin\u0105 aromat\u0105, persipinant\u012f su subtiliu medaus saldumu ir gaivia eukalipto nata. <strong>Oud Noir<\/strong> kvapas yra intensyvus ir u\u017eburiantis, degant pama\u017eu kei\u010diasi ir palieka \u0161velni\u0105, kremin\u0119 sandalmed\u017eio \u0161ilum\u0105. \u0160is aromatas sukuria paslapties ir ramyb\u0117s jausm\u0105, idealiai tinkant\u012f ramiems vakarams ar savistabos akimirkoms.<\/p>\n<h2>Rank\u0173 darbo tobulumas<\/h2>\n<p>Kiekviena <strong>Oud Noir smilkal\u0173 lazdel\u0117<\/strong> yra kruop\u0161\u010diai gaminama Indijoje, laikantis \u0161imtme\u010dius puosel\u0117jam\u0173 vedini\u0173 tradicij\u0173. M\u016bs\u0173 auk\u0161\u010diausios kokyb\u0117s ingredientai u\u017etikrina sodr\u0173 ir ilgai i\u0161liekant\u012f aromat\u0105.<\/p>\n<p>Pagrindiniai ingredientai:<\/p>\n<ul>\n<li>Nat\u016bralus bambuko pagaliukas<\/li>\n<li>Juodojo oudo sakai<\/li>\n<li>Medaus ir sandalmed\u017eio milteliai<\/li>\n<li>Botaniniai ir eteriniai aliejai<\/li>\n<\/ul>\n<p>Skirtingai nei \u012fprasti smilkalai su sintetiniais priedais, m\u016bs\u0173 gaminiai yra be kenksming\u0173 chemini\u0173 med\u017eiag\u0173 ar sunki\u0173j\u0173 anglies jungini\u0173. Tai u\u017etikrina \u0161var\u0173 degim\u0105, kuris trunka apie 45 minutes, nepaliekant stipraus dirbtinio kvapo.<\/p>\n<p><strong>Smilkal\u0173 kiekis:<\/strong> i\u0161 viso 10 g. Kadangi kiekviena smilkal\u0173 lazdel\u0117 yra rank\u0173 darbo ir gali skirtis svoriu, pakuot\u0117je yra apie 7\u201311 lazdeli\u0173.<\/p>\n","protected":false},"excerpt":{"rendered":"<p>Patirkite nakties viliones su <strong>Oud Noir smilkalais<\/strong>, kur intensyvios juodojo oudo ir medienos natos susilieja su \u0161velniais medaus, eukalipto ir sandalmed\u017eio akordais. Rank\u0173 darbo, pagal senovines tradicijas gaminti smilkalai sukuria rafinuot\u0105 ir raminan\u010di\u0105 atmosfer\u0105 \u2013 puikiai tinka meditacijai, atsipalaidavimui ar j\u016bs\u0173 erdv\u0117s transformacijai.<\/p>\n","protected":false},"featured_media":1481,"comment_status":"open","ping_status":"closed","template":"","meta":{"_acf_changed":false},"product_brand":[],"product_cat":[40],"product_tag":[],"class_list":{"0":"post-1598","1":"product","2":"type-product","3":"status-publish","4":"has-post-thumbnail","6":"product_cat-nisiniai-smilkalai","8":"first","9":"instock","10":"shipping-taxable","11":"purchasable","12":"product-type-simple"},"acf":[],"aioseo_notices":[],"_links":{"self":[{"href":"https:\/\/divine-senses.com\/lt\/wp-json\/wp\/v2\/product\/1598","targetHints":{"allow":["GET"]}}],"collection":[{"href":"https:\/\/divine-senses.com\/lt\/wp-json\/wp\/v2\/product"}],"about":[{"href":"https:\/\/divine-senses.com\/lt\/wp-json\/wp\/v2\/types\/product"}],"replies":[{"embeddable":true,"href":"https:\/\/divine-senses.com\/lt\/wp-json\/wp\/v2\/comments?post=1598"}],"wp:featuredmedia":[{"embeddable":true,"href":"https:\/\/divine-senses.com\/lt\/wp-json\/wp\/v2\/media\/1481"}],"wp:attachment":[{"href":"https:\/\/divine-senses.com\/lt\/wp-json\/wp\/v2\/media?parent=1598"}],"wp:term":[{"taxonomy":"product_brand","embeddable":true,"href":"https:\/\/divine-senses.com\/lt\/wp-json\/wp\/v2\/product_brand?post=1598"},{"taxonomy":"product_cat","embeddable":true,"href":"https:\/\/divine-senses.com\/lt\/wp-json\/wp\/v2\/product_cat?post=1598"},{"taxonomy":"product_tag","embeddable":true,"href":"https:\/\/divine-senses.com\/lt\/wp-json\/wp\/v2\/product_tag?post=1598"}],"curies":[{"name":"wp","href":"https:\/\/api.w.org\/{rel}","templated":true}]}}