{"id":1599,"date":"2024-11-26T08:28:59","date_gmt":"2024-11-26T08:28:59","guid":{"rendered":"https:\/\/divine-senses.com\/collection\/be-kategorijos\/smilkalu-lazdeles-serenity\/"},"modified":"2025-02-04T09:11:07","modified_gmt":"2025-02-04T09:11:07","slug":"smilkalai-serenity","status":"publish","type":"product","link":"https:\/\/divine-senses.com\/lt\/kolekcija\/nisiniai-smilkalai\/smilkalai-serenity\/","title":{"rendered":"Smilkalai SERENITY"},"content":{"rendered":"<h2>Koks yra Serenity aromatas?<\/h2>\n<p><strong>Serenity smilkal\u0173<\/strong> kvapas yra mistini\u0173 ir \u017eemi\u0161k\u0173 ton\u0173 harmonija. Med\u017eio ir \u017eoleli\u0173 kupini frankincenso ir miros aromatai susilieja su \u0161velnia vanil\u0117s \u0161iluma. Gaivios citrus\u0173 ir pu\u0161\u0173 natos suteikia lengvumo, o \u0161ildantys prieskoniai suteikia kvapui gylio ir sodrumo. \u012esivaizduokite ram\u0173 mi\u0161k\u0105, ap\u0161viest\u0105 auksin\u0117s \u0161viesos \u2013 \u0161is kvapas yra ir atpalaiduojantis, ir pakyl\u0117jantis, padedantis pasiekti vidin\u0119 harmonij\u0105.<\/p>\n<h2>Rank\u0173 darbo tobulumas<\/h2>\n<p>Kiekviena <strong>Serenity smilkal\u0173 lazdel\u0117<\/strong> yra kruop\u0161\u010diai gaminama Indijoje, laikantis auk\u0161\u010diausi\u0173 kokyb\u0117s ir tvarumo standart\u0173.<\/p>\n<p>Pagrindiniai ingredientai:<\/p>\n<ul>\n<li>Nat\u016bralus bambuko pagaliukas<\/li>\n<li>Frankincenso ir miros sakai<\/li>\n<li>Vanil\u0117s ir prieskoni\u0173 ekstraktai<\/li>\n<li>Botaniniai aliejai ir sakai<\/li>\n<\/ul>\n<p>Skirtingai nei \u012fprasti smilkalai su sintetiniais priedais, m\u016bs\u0173 gaminiai yra be kenksming\u0173 chemini\u0173 med\u017eiag\u0173 ar sunki\u0173j\u0173 anglies jungini\u0173. Tai u\u017etikrina \u0161var\u0173 degim\u0105, kuris trunka apie 45 minutes, nepaliekant stipraus dirbtinio kvapo.<\/p>\n<p><strong>Smilkal\u0173 kiekis:<\/strong> 15 gram\u0173 yra ma\u017edaug 12 smilkal\u0173<\/p>\n","protected":false},"excerpt":{"rendered":"<p>Paverskite savo erdv\u0119 \u0161ventove su <strong>Serenity smilkalais<\/strong> \u2013 sakraliu frankincenso, miros ir vanil\u0117s deriniu, papildytu citrusini\u0173 vaisi\u0173, pu\u0161\u0173 ir prieskoni\u0173 natomis. \u0160is rank\u0173 darbo aromatas ne tik nuramina prot\u0105, bet ir sukuria gil\u0173 ry\u0161\u012f su vidine ramybe, tod\u0117l puikiai tinka meditacijai, atsipalaidavimui ar poilsiui po ilgos dienos.<\/p>\n","protected":false},"featured_media":1402,"comment_status":"open","ping_status":"closed","template":"","meta":{"_acf_changed":false},"product_brand":[],"product_cat":[40],"product_tag":[],"class_list":{"0":"post-1599","1":"product","2":"type-product","3":"status-publish","4":"has-post-thumbnail","6":"product_cat-nisiniai-smilkalai","8":"first","9":"instock","10":"shipping-taxable","11":"purchasable","12":"product-type-simple"},"acf":[],"aioseo_notices":[],"_links":{"self":[{"href":"https:\/\/divine-senses.com\/lt\/wp-json\/wp\/v2\/product\/1599","targetHints":{"allow":["GET"]}}],"collection":[{"href":"https:\/\/divine-senses.com\/lt\/wp-json\/wp\/v2\/product"}],"about":[{"href":"https:\/\/divine-senses.com\/lt\/wp-json\/wp\/v2\/types\/product"}],"replies":[{"embeddable":true,"href":"https:\/\/divine-senses.com\/lt\/wp-json\/wp\/v2\/comments?post=1599"}],"wp:featuredmedia":[{"embeddable":true,"href":"https:\/\/divine-senses.com\/lt\/wp-json\/wp\/v2\/media\/1402"}],"wp:attachment":[{"href":"https:\/\/divine-senses.com\/lt\/wp-json\/wp\/v2\/media?parent=1599"}],"wp:term":[{"taxonomy":"product_brand","embeddable":true,"href":"https:\/\/divine-senses.com\/lt\/wp-json\/wp\/v2\/product_brand?post=1599"},{"taxonomy":"product_cat","embeddable":true,"href":"https:\/\/divine-senses.com\/lt\/wp-json\/wp\/v2\/product_cat?post=1599"},{"taxonomy":"product_tag","embeddable":true,"href":"https:\/\/divine-senses.com\/lt\/wp-json\/wp\/v2\/product_tag?post=1599"}],"curies":[{"name":"wp","href":"https:\/\/api.w.org\/{rel}","templated":true}]}}