{"id":1600,"date":"2024-11-24T14:01:07","date_gmt":"2024-11-24T14:01:07","guid":{"rendered":"https:\/\/divine-senses.com\/collection\/be-kategorijos\/smilkalu-lazdeles-meiles-laisve\/"},"modified":"2025-07-24T11:43:10","modified_gmt":"2025-07-24T11:43:10","slug":"smilkalai-frequency-of-love","status":"publish","type":"product","link":"https:\/\/divine-senses.com\/lt\/kolekcija\/nisiniai-smilkalai\/smilkalai-frequency-of-love\/","title":{"rendered":"Smilkalai FREQUENCY OF LOVE"},"content":{"rendered":"<h2>Koks yra Frequency of Love aromatas?<\/h2>\n<p><strong>Frequency of Love<\/strong> smilkal\u0173 kvapas yra meistri\u0161kas derinys, sukurtas pa\u017eadinti \u0161ird\u012f. Jis prasideda nuo \u012f\u017eeminan\u010dios senovinio oudo ir sandalmed\u017eio \u0161ilumos, po kurios atsiskleid\u017eia \u0161velnios indi\u0161kos ro\u017e\u0117s ir egzoti\u0161ko frangipanio g\u0117li\u0173 natos. Gaivus mandarin\u0173 ir sodrus \u0161afrano prisilietimas suteikia \u0161iam kvapui gyvybingumo ir ry\u0161kumo. \u012esivaizduokite sod\u0105, kupin\u0105 \u017eydin\u010di\u0173 g\u0117li\u0173 po auksine saul\u0117s \u0161viesa \u2013 \u0161is aromatas \u012fk\u016bnija bes\u0105lygin\u0117s meil\u0117s ir d\u017eiaugsmo energij\u0105.<\/p>\n<h2>Rank\u0173 darbo tobulumas<\/h2>\n<p>Kiekviena <strong>Frequency of Love smilkal\u0173 lazdel\u0117<\/strong> yra kruop\u0161\u010diai gaminama Indijoje, laikantis auk\u0161\u010diausi\u0173 smilkal\u0173 gamybos tradicij\u0173.<\/p>\n<p>Pagrindiniai ingredientai:<\/p>\n<ul>\n<li>Nat\u016bralus bambuko pagaliukas<\/li>\n<li>Senovinis oudas ir sandalmedis<\/li>\n<li>Indi\u0161ka ro\u017e\u0117 ir frangipanis<\/li>\n<li>\u0160afrano ir mandarin\u0173 ekstraktai<\/li>\n<li>Eteriniai ir botaniniai aliejai<\/li>\n<\/ul>\n<p>Skirtingai nei \u012fprasti smilkalai su sintetiniais priedais, m\u016bs\u0173 gaminiai yra be kenksming\u0173 chemini\u0173 med\u017eiag\u0173 ar sunki\u0173j\u0173 anglies jungini\u0173. Tai u\u017etikrina \u0161var\u0173 degim\u0105, kuris trunka apie 45 minutes, nepaliekant stipraus dirbtinio kvapo.<\/p>\n<p><strong>Smilkal\u0173 kiekis:<\/strong> 15 gram\u0173 yra ma\u017edaug 12 smilkal\u0173<\/p>\n","protected":false},"excerpt":{"rendered":"<p>Pasinerkite \u012f prabang\u0173 ir pakyl\u0117jant\u012f <strong>Frequency of Love smilkal\u0173<\/strong> aromat\u0105. \u0160is ypatingas mi\u0161inys, kuriame dera senovinis oudas, sandalmedis ir \u0161afranas, papildytas indi\u0161kos ro\u017e\u0117s, egzoti\u0161ko frangipanio ir gaivios mandarin\u0173 natos, sukuria meil\u0117s, d\u0117kingumo ir d\u017eiaugsmo atmosfer\u0105.<\/p>\n","protected":false},"featured_media":1398,"comment_status":"open","ping_status":"closed","template":"","meta":{"_acf_changed":false},"product_brand":[],"product_cat":[40],"product_tag":[],"class_list":{"0":"post-1600","1":"product","2":"type-product","3":"status-publish","4":"has-post-thumbnail","6":"product_cat-nisiniai-smilkalai","8":"first","9":"instock","10":"shipping-taxable","11":"purchasable","12":"product-type-simple"},"acf":[],"aioseo_notices":[],"_links":{"self":[{"href":"https:\/\/divine-senses.com\/lt\/wp-json\/wp\/v2\/product\/1600","targetHints":{"allow":["GET"]}}],"collection":[{"href":"https:\/\/divine-senses.com\/lt\/wp-json\/wp\/v2\/product"}],"about":[{"href":"https:\/\/divine-senses.com\/lt\/wp-json\/wp\/v2\/types\/product"}],"replies":[{"embeddable":true,"href":"https:\/\/divine-senses.com\/lt\/wp-json\/wp\/v2\/comments?post=1600"}],"wp:featuredmedia":[{"embeddable":true,"href":"https:\/\/divine-senses.com\/lt\/wp-json\/wp\/v2\/media\/1398"}],"wp:attachment":[{"href":"https:\/\/divine-senses.com\/lt\/wp-json\/wp\/v2\/media?parent=1600"}],"wp:term":[{"taxonomy":"product_brand","embeddable":true,"href":"https:\/\/divine-senses.com\/lt\/wp-json\/wp\/v2\/product_brand?post=1600"},{"taxonomy":"product_cat","embeddable":true,"href":"https:\/\/divine-senses.com\/lt\/wp-json\/wp\/v2\/product_cat?post=1600"},{"taxonomy":"product_tag","embeddable":true,"href":"https:\/\/divine-senses.com\/lt\/wp-json\/wp\/v2\/product_tag?post=1600"}],"curies":[{"name":"wp","href":"https:\/\/api.w.org\/{rel}","templated":true}]}}