{"id":1601,"date":"2024-11-24T14:01:53","date_gmt":"2024-11-24T14:01:53","guid":{"rendered":"https:\/\/divine-senses.com\/collection\/be-kategorijos\/smilkalu-lazdeles-unique-soul\/"},"modified":"2025-03-05T13:50:03","modified_gmt":"2025-03-05T13:50:03","slug":"smilkalai-unique-soul","status":"publish","type":"product","link":"https:\/\/divine-senses.com\/lt\/kolekcija\/nisiniai-smilkalai\/smilkalai-unique-soul\/","title":{"rendered":"Smilkalai UNIQUE SOUL"},"content":{"rendered":"<h2>Koks yra Unique Soul aromatas?<\/h2>\n<p><strong>Unique Soul<\/strong> kvapas yra toks pat i\u0161skirtinis kaip ir jo pavadinimas. Kelion\u0117 prasideda nuo prabangios ka\u0161myro odos ir pikanti\u0161kos ro\u017eini\u0173 pipir\u0173 bei \u0161afrano energijos, kuri\u0105 \u012f\u017eemina gili Himalaj\u0173 oudo nata. Smilkstant kvapas evoliucionuoja, atskleisdamas \u0161ildan\u010dias pa\u010diulio ir abrikos\u0173 natas, kurias u\u017ebaigia jaukus skrudintos karamel\u0117s ir vanil\u0117s saldumas. \u0160is aromatas spinduliuoja elegancij\u0105 ir skatina gilius apm\u0105stymus, kviesdamas priimti savo unikali\u0105 siel\u0105.<\/p>\n<h2>Rank\u0173 darbo tobulumas<\/h2>\n<p>Kiekviena <strong>Unique Soul smilkal\u0173 lazdel\u0117<\/strong> yra kruop\u0161\u010diai gaminama Indijoje, naudojant auk\u0161\u010diausios kokyb\u0117s nat\u016bralias med\u017eiagas ir tradicines technikas.<\/p>\n<p>Pagrindiniai ingredientai:<\/p>\n<ul>\n<li>Nat\u016bralus bambuko pagaliukas<\/li>\n<li>Ka\u0161myro oda ir ro\u017einiai pipirai<\/li>\n<li>Himalaj\u0173 oudas ir \u0161afranas<\/li>\n<li>Pa\u010diulis, abrikosai ir vanil\u0117<\/li>\n<li>Eteriniai ir botaniniai aliejai<\/li>\n<\/ul>\n<p>Skirtingai nei \u012fprasti smilkalai su sintetiniais priedais, m\u016bs\u0173 gaminiai yra be kenksming\u0173 chemini\u0173 med\u017eiag\u0173 ar sunki\u0173j\u0173 anglies jungini\u0173. Tai u\u017etikrina \u0161var\u0173 degim\u0105, kuris trunka apie 45 minutes, nepaliekant stipraus dirbtinio kvapo.<\/p>\n<p><strong>Smilkal\u0173 kiekis:<\/strong> 15 gram\u0173 yra ma\u017edaug 12 smilkal\u0173<\/p>\n","protected":false},"excerpt":{"rendered":"<p>Leiskit\u0117s \u012f poj\u016b\u010di\u0173 kelion\u0119 su <strong>Unique Soul smilkalais<\/strong>, kurie \u0161ven\u010dia j\u016bs\u0173 unikalum\u0105. \u0160is prabangus aromatas sujungia ka\u0161myro odos, ro\u017eini\u0173 pipir\u0173, \u0161afrano ir Himalaj\u0173 oudo derin\u012f, papildyt\u0105 pa\u010diulio, abrikos\u0173, karamel\u0117s ir vanil\u0117s natomis. Rank\u0173 darbo smilkalai puikiai tinka apm\u0105stymams, meditacijai ar tiesiog atsipalaidavimui.<\/p>\n","protected":false},"featured_media":1400,"comment_status":"open","ping_status":"closed","template":"","meta":{"_acf_changed":false},"product_brand":[],"product_cat":[40],"product_tag":[],"class_list":{"0":"post-1601","1":"product","2":"type-product","3":"status-publish","4":"has-post-thumbnail","6":"product_cat-nisiniai-smilkalai","8":"first","9":"instock","10":"shipping-taxable","11":"purchasable","12":"product-type-simple"},"acf":[],"aioseo_notices":[],"_links":{"self":[{"href":"https:\/\/divine-senses.com\/lt\/wp-json\/wp\/v2\/product\/1601","targetHints":{"allow":["GET"]}}],"collection":[{"href":"https:\/\/divine-senses.com\/lt\/wp-json\/wp\/v2\/product"}],"about":[{"href":"https:\/\/divine-senses.com\/lt\/wp-json\/wp\/v2\/types\/product"}],"replies":[{"embeddable":true,"href":"https:\/\/divine-senses.com\/lt\/wp-json\/wp\/v2\/comments?post=1601"}],"wp:featuredmedia":[{"embeddable":true,"href":"https:\/\/divine-senses.com\/lt\/wp-json\/wp\/v2\/media\/1400"}],"wp:attachment":[{"href":"https:\/\/divine-senses.com\/lt\/wp-json\/wp\/v2\/media?parent=1601"}],"wp:term":[{"taxonomy":"product_brand","embeddable":true,"href":"https:\/\/divine-senses.com\/lt\/wp-json\/wp\/v2\/product_brand?post=1601"},{"taxonomy":"product_cat","embeddable":true,"href":"https:\/\/divine-senses.com\/lt\/wp-json\/wp\/v2\/product_cat?post=1601"},{"taxonomy":"product_tag","embeddable":true,"href":"https:\/\/divine-senses.com\/lt\/wp-json\/wp\/v2\/product_tag?post=1601"}],"curies":[{"name":"wp","href":"https:\/\/api.w.org\/{rel}","templated":true}]}}