{"id":1602,"date":"2024-11-26T08:22:28","date_gmt":"2024-11-26T08:22:28","guid":{"rendered":"https:\/\/divine-senses.com\/collection\/be-kategorijos\/smilkalu-lazdeles-bliss-of-avalon\/"},"modified":"2026-04-28T15:03:20","modified_gmt":"2026-04-28T15:03:20","slug":"smilkalai-bliss-of-avalon","status":"publish","type":"product","link":"https:\/\/divine-senses.com\/lt\/kolekcija\/nisiniai-smilkalai\/smilkalai-bliss-of-avalon\/","title":{"rendered":"Smilkalai BLISS OF AVALON"},"content":{"rendered":"<h2>Koks yra Bliss of Avalon aromatas?<\/h2>\n<p><strong>Bliss of Avalon<\/strong> kvapas yra tikra poj\u016b\u010di\u0173 kelion\u0117. Jis prasideda \u017eemi\u0161komis ir medienos natomis, kurias suteikia Azijos oudas, kedras ir pu\u0161is, primenantis ram\u0173 mi\u0161k\u0105. Aromatui gilinantis, jau\u010diami \u0161ilti skrudint\u0173 migdol\u0173 ir cinamono atspalviai, o m\u0117lynojo lotoso \u017eiedo \u0161vyt\u0117jimas suteikia kvapui subtili\u0105, dievi\u0161k\u0105 gaiv\u0105. \u012esivaizduokite mistin\u0119 sal\u0105, kurioje vie\u0161patauja gamtos magija ir taika \u2013 tai yra <strong>Bliss of Avalon<\/strong> kvapo esm\u0117.<\/p>\n<h2>Rank\u0173 darbo tobulumas<\/h2>\n<p>Kiekviena <strong>Bliss of Avalon smilkal\u0173 lazdel\u0117<\/strong> yra kruop\u0161\u010diai gaminama Indijoje i\u0161 auk\u0161\u010diausios kokyb\u0117s nat\u016brali\u0173 med\u017eiag\u0173, u\u017etikrinant prabang\u0173 ir autenti\u0161k\u0105 poj\u016bt\u012f.<\/p>\n<p>Pagrindiniai ingredientai:<\/p>\n<ul>\n<li>Nat\u016bralus bambuko pagaliukas<\/li>\n<li>Azijos oudas ir kedro mediena<\/li>\n<li>Skrudinti migdolai ir cinamonas<\/li>\n<li>M\u0117lynojo lotoso ekstraktas<\/li>\n<li>Eteriniai ir botaniniai aliejai<\/li>\n<\/ul>\n<p>Skirtingai nei \u012fprasti smilkalai su sintetiniais priedais, m\u016bs\u0173 gaminiai yra be kenksming\u0173 chemini\u0173 med\u017eiag\u0173 ar sunki\u0173j\u0173 anglies jungini\u0173. Tai u\u017etikrina \u0161var\u0173 degim\u0105, kuris trunka apie 45 minutes, nepaliekant stipraus dirbtinio kvapo.<\/p>\n<p><strong>Smilkal\u0173 kiekis:<\/strong> i\u0161 viso 10 g. Kadangi kiekviena smilkal\u0173 lazdel\u0117 yra rank\u0173 darbo ir gali skirtis svoriu, pakuot\u0117je yra apie 7\u201311 lazdeli\u0173.<\/p>\n","protected":false},"excerpt":{"rendered":"<p>Leiskit\u0117s \u012f \u017eemi\u0161k\u0105 roj\u0173 su <strong>Bliss of Avalon smilkalais<\/strong> \u2013 i\u0161skirtiniu Azijos oudo, kedro ir pu\u0161ies mi\u0161iniu, subalansuotu su skrudintais migdolais, cinamonu ir dievi\u0161ku m\u0117lynojo lotoso \u017eiedu. Puikiai tinka atsipalaidavimui, meditacijai ar magi\u0161kos atmosferos k\u016brimui, \u0161ie rank\u0173 darbo smilkalai \u012fk\u016bnija meil\u0119, gaus\u0105 ir ramyb\u0119.<\/p>\n","protected":false},"featured_media":1401,"comment_status":"open","ping_status":"closed","template":"","meta":{"_acf_changed":false},"product_brand":[],"product_cat":[40],"product_tag":[],"class_list":{"0":"post-1602","1":"product","2":"type-product","3":"status-publish","4":"has-post-thumbnail","6":"product_cat-nisiniai-smilkalai","8":"first","9":"instock","10":"shipping-taxable","11":"purchasable","12":"product-type-simple"},"acf":[],"aioseo_notices":[],"_links":{"self":[{"href":"https:\/\/divine-senses.com\/lt\/wp-json\/wp\/v2\/product\/1602","targetHints":{"allow":["GET"]}}],"collection":[{"href":"https:\/\/divine-senses.com\/lt\/wp-json\/wp\/v2\/product"}],"about":[{"href":"https:\/\/divine-senses.com\/lt\/wp-json\/wp\/v2\/types\/product"}],"replies":[{"embeddable":true,"href":"https:\/\/divine-senses.com\/lt\/wp-json\/wp\/v2\/comments?post=1602"}],"wp:featuredmedia":[{"embeddable":true,"href":"https:\/\/divine-senses.com\/lt\/wp-json\/wp\/v2\/media\/1401"}],"wp:attachment":[{"href":"https:\/\/divine-senses.com\/lt\/wp-json\/wp\/v2\/media?parent=1602"}],"wp:term":[{"taxonomy":"product_brand","embeddable":true,"href":"https:\/\/divine-senses.com\/lt\/wp-json\/wp\/v2\/product_brand?post=1602"},{"taxonomy":"product_cat","embeddable":true,"href":"https:\/\/divine-senses.com\/lt\/wp-json\/wp\/v2\/product_cat?post=1602"},{"taxonomy":"product_tag","embeddable":true,"href":"https:\/\/divine-senses.com\/lt\/wp-json\/wp\/v2\/product_tag?post=1602"}],"curies":[{"name":"wp","href":"https:\/\/api.w.org\/{rel}","templated":true}]}}