{"id":2301,"date":"2025-12-07T18:35:25","date_gmt":"2025-12-07T18:35:25","guid":{"rendered":"https:\/\/divine-senses.com\/collection\/be-kategorijos\/arbata-taju-palaima\/"},"modified":"2026-01-21T09:02:58","modified_gmt":"2026-01-21T09:02:58","slug":"arbata-taju-palaima","status":"publish","type":"product","link":"https:\/\/divine-senses.com\/lt\/kolekcija\/kitos-prekes\/arbata-taju-palaima\/","title":{"rendered":"Arbata &#8222;Taj\u0173 Palaima&#8221;"},"content":{"rendered":"<h2><strong>&#8222;Taj\u0173 Palaima&#8221; arbatos unikalumas<\/strong><\/h2>\n<p><strong>&#8222;Taj\u0173 Palaima&#8221; arbata<\/strong> i\u0161siskiria ry\u0161kiai m\u0117lyna spalva, kuri\u0105 suteikia m\u0117lynosios balnapup\u0117s \u017eiedlapiai, giliu Red Dragon Blood arbatos skoniu ir \u0161iluma dvelkian\u010diu ceilono cinamonu. Arbata yra visi\u0161kai be kofeino, tod\u0117l j\u0105 galima m\u0117gautis tiek dien\u0105, tiek vakare. \u012esp\u016bdingas spalvos pokytis \u2013 nuo m\u0117lynos iki violetin\u0117s \u2013 \u012fvyksta \u012fla\u0161inus citrinos sul\u010di\u0173. Tai ne tik g\u0117rimas, bet ir poj\u016b\u010di\u0173 kupinas ritualas, kuris suteikia ramyb\u0119, skatina s\u0105moningum\u0105 ir gerina savijaut\u0105.<\/p>\n<h2><strong>&#8222;Taj\u0173 Palaima&#8221;<\/strong><strong> arbatos nauda<\/strong><\/h2>\n<p>\u0160i arbata remiasi aktyviomis augalin\u0117mis med\u017eiagomis, kurios padeda \u012fvairiais b\u016bdais:<\/p>\n<ol>\n<li><strong>Reguliuoja kraujosp\u016bd\u012f<\/strong> \u2013 \u0161veln\u016bs \u017eoleli\u0173 junginiai padeda i\u0161laikyti sveik\u0105 lyg\u012f.<\/li>\n<li><strong>Padeda stabilizuoti cukraus kiek\u012f kraujyje<\/strong> \u2013 d\u0117l nat\u016brali\u0173 cinamono savybi\u0173.<\/li>\n<li><strong>Ramina emocijas<\/strong> \u2013 prisideda prie ma\u017eesnio streso ir \u012ftampos.<\/li>\n<li><strong>Gerina vir\u0161kinim\u0105<\/strong> \u2013 \u0161ildo ir padeda skrand\u017eiui atsipalaiduoti.<\/li>\n<li><strong>Teikia antioksidant\u0173<\/strong> \u2013 palaiko l\u0105steli\u0173 sveikat\u0105 ir bendr\u0105 energij\u0105.<\/li>\n<\/ol>\n<p>\u0160ie privalumai padeda kovoti su da\u017enomis \u0161iuolaikinio gyvenimo problemomis: stresu, nuovargiu, emociniu disbalansu ir nereguliariu miegu.<\/p>\n","protected":false},"excerpt":{"rendered":"<p><strong>Taj\u0173 Palaima<\/strong> \u2013 tai raminanti \u017eoleli\u0173 arbata, sukurta palaikyti vidin\u0119 pusiausvyr\u0105 ir ramyb\u0119. \u0160i spalvinga ir kvapni arbata sujungia m\u0117lynosios balnapup\u0117s \u017eiedlapius, raudonojo drakono arbat\u0105 ir ekologi\u0161k\u0105 ceilono cinamon\u0105 &#8211; puikus pasirinkimas kasdieniam harmonijos ritualui.<\/p>\n","protected":false},"featured_media":2295,"comment_status":"open","ping_status":"closed","template":"","meta":{"_acf_changed":false},"product_brand":[],"product_cat":[41],"product_tag":[],"class_list":{"0":"post-2301","1":"product","2":"type-product","3":"status-publish","4":"has-post-thumbnail","6":"product_cat-kitos-prekes","8":"first","9":"instock","10":"shipping-taxable","11":"purchasable","12":"product-type-simple"},"acf":[],"aioseo_notices":[],"_links":{"self":[{"href":"https:\/\/divine-senses.com\/lt\/wp-json\/wp\/v2\/product\/2301","targetHints":{"allow":["GET"]}}],"collection":[{"href":"https:\/\/divine-senses.com\/lt\/wp-json\/wp\/v2\/product"}],"about":[{"href":"https:\/\/divine-senses.com\/lt\/wp-json\/wp\/v2\/types\/product"}],"replies":[{"embeddable":true,"href":"https:\/\/divine-senses.com\/lt\/wp-json\/wp\/v2\/comments?post=2301"}],"wp:featuredmedia":[{"embeddable":true,"href":"https:\/\/divine-senses.com\/lt\/wp-json\/wp\/v2\/media\/2295"}],"wp:attachment":[{"href":"https:\/\/divine-senses.com\/lt\/wp-json\/wp\/v2\/media?parent=2301"}],"wp:term":[{"taxonomy":"product_brand","embeddable":true,"href":"https:\/\/divine-senses.com\/lt\/wp-json\/wp\/v2\/product_brand?post=2301"},{"taxonomy":"product_cat","embeddable":true,"href":"https:\/\/divine-senses.com\/lt\/wp-json\/wp\/v2\/product_cat?post=2301"},{"taxonomy":"product_tag","embeddable":true,"href":"https:\/\/divine-senses.com\/lt\/wp-json\/wp\/v2\/product_tag?post=2301"}],"curies":[{"name":"wp","href":"https:\/\/api.w.org\/{rel}","templated":true}]}}